{"id":8679,"date":"2024-06-03T16:44:21","date_gmt":"2024-06-03T14:44:21","guid":{"rendered":"https:\/\/madamelule.com\/?page_id=8679"},"modified":"2026-03-09T13:06:33","modified_gmt":"2026-03-09T12:06:33","slug":"contact","status":"publish","type":"page","link":"https:\/\/madamelule.com\/en\/contact\/","title":{"rendered":"Contact"},"content":{"rendered":"<style>.kadence-column8679_b2d525-de > .kt-inside-inner-col,.kadence-column8679_b2d525-de > .kt-inside-inner-col:before{border-top-left-radius:0px;border-top-right-radius:0px;border-bottom-right-radius:0px;border-bottom-left-radius:0px;}.kadence-column8679_b2d525-de > .kt-inside-inner-col{column-gap:var(--global-kb-gap-sm, 1rem);}.kadence-column8679_b2d525-de > .kt-inside-inner-col{flex-direction:column;}.kadence-column8679_b2d525-de > .kt-inside-inner-col > .aligncenter{width:100%;}.kadence-column8679_b2d525-de > .kt-inside-inner-col:before{opacity:0.3;}.kadence-column8679_b2d525-de{position:relative;}@media all and (max-width: 1024px){.kadence-column8679_b2d525-de > .kt-inside-inner-col{flex-direction:column;justify-content:center;}}@media all and (max-width: 767px){.kadence-column8679_b2d525-de > .kt-inside-inner-col{flex-direction:column;justify-content:center;}}<\/style>\n<div class=\"wp-block-kadence-column kadence-column8679_b2d525-de\"><div class=\"kt-inside-inner-col\">\n<h1 class=\"wp-block-heading has-text-align-center has--font-size\">Oh  oui, Madame, une s\u00e9ance !<\/h1>\n<\/div><\/div>\n\n\n<style>.kb-row-layout-id8679_395948-6c > .kt-row-column-wrap{align-content:start;}:where(.kb-row-layout-id8679_395948-6c > .kt-row-column-wrap) > .wp-block-kadence-column{justify-content:start;}.kb-row-layout-id8679_395948-6c > .kt-row-column-wrap{column-gap:var(--global-kb-gap-md, 2rem);row-gap:var(--global-kb-gap-md, 2rem);padding-top:var(--global-kb-spacing-sm, 1.5rem);padding-bottom:var(--global-kb-spacing-sm, 1.5rem);grid-template-columns:minmax(0, 2fr) minmax(0, 1fr);}.kb-row-layout-id8679_395948-6c > .kt-row-layout-overlay{opacity:0.30;}@media all and (max-width: 1024px){.kb-row-layout-id8679_395948-6c > .kt-row-column-wrap{grid-template-columns:minmax(0, 2fr) minmax(0, 1fr);}}@media all and (max-width: 767px){.kb-row-layout-id8679_395948-6c > .kt-row-column-wrap{grid-template-columns:minmax(0, 1fr);}}<\/style><div class=\"kb-row-layout-wrap kb-row-layout-id8679_395948-6c alignnone wp-block-kadence-rowlayout\"><div class=\"kt-row-column-wrap kt-has-2-columns kt-row-layout-left-golden kt-tab-layout-inherit kt-mobile-layout-row kt-row-valign-top\">\n<style>.kadence-column8679_fbf33e-02 > .kt-inside-inner-col,.kadence-column8679_fbf33e-02 > .kt-inside-inner-col:before{border-top-left-radius:0px;border-top-right-radius:0px;border-bottom-right-radius:0px;border-bottom-left-radius:0px;}.kadence-column8679_fbf33e-02 > .kt-inside-inner-col{column-gap:var(--global-kb-gap-sm, 1rem);}.kadence-column8679_fbf33e-02 > .kt-inside-inner-col{flex-direction:column;}.kadence-column8679_fbf33e-02 > .kt-inside-inner-col > .aligncenter{width:100%;}.kadence-column8679_fbf33e-02 > .kt-inside-inner-col:before{opacity:0.3;}.kadence-column8679_fbf33e-02{position:relative;}@media all and (max-width: 1024px){.kadence-column8679_fbf33e-02 > .kt-inside-inner-col{flex-direction:column;justify-content:center;}}@media all and (max-width: 767px){.kadence-column8679_fbf33e-02 > .kt-inside-inner-col{flex-direction:column;justify-content:center;}}<\/style>\n<div class=\"wp-block-kadence-column kadence-column8679_fbf33e-02\"><div class=\"kt-inside-inner-col\">\n<h2 class=\"wp-block-heading\">Confiez-vous \u00e0 moi\u2026<\/h2>\n\n\n\n<p>Je peux tout entendre, \u00e0 condition que vous suiviez mes r\u00e8gles. <strong>Lisez au minimum les pages suivantes :<\/strong><\/p>\n\n\n\n<ul class=\"wp-block-list\">\n<li><a href=\"https:\/\/madamelule.com\/seances\/une-seance-de-domination\/\" data-type=\"page\" data-id=\"1370\">Une s\u00e9ance, pour qui ?<\/a><\/li>\n\n\n\n<li><a href=\"https:\/\/madamelule.com\/seances\/regles-de-nos-jeux-bdsm\/\" data-type=\"page\" data-id=\"1369\">La charte de nos jeux.<\/a><\/li>\n\n\n\n<li><a href=\"https:\/\/madamelule.com\/seances\/mon-style\/\" data-type=\"page\" data-id=\"7707\">Mon style.<\/a><\/li>\n\n\n\n<li><a href=\"https:\/\/madamelule.com\/seances\/mes-pratiques\/\" data-type=\"page\" data-id=\"7315\">Mes pratiques et mes limites.<\/a><\/li>\n<\/ul>\n\n\n\n<p>\u00ab\u00a0Ne confondez pas ma personnalit\u00e9 avec mon attitude. Ma personnalit\u00e9 est qui je suis. Mon attitude d\u00e9pend de qui vous \u00eates.\u00a0\u00bb<\/p>\n\n\n\n<p><strong>Pas de prise de contact ni de demande d\u2019informations sans questionnaire rempli.<\/strong><br>Prenez le temps, donnez-moi des d\u00e9tails. Je pourrai ainsi m&rsquo;imaginer vous recevoir. Une s\u00e9ance est une rencontre et une rencontre r\u00e9ussie demande du soin, de l&rsquo;attention et de l&rsquo;\u00e9nergie. Je ne r\u00e9ponds pas aux demandes b\u00e2cl\u00e9es, limit\u00e9es \u00e0 quelques mots. <br>\u00c0 effort nul, r\u00e9sultat nul ! <br><br>Mon temps de r\u00e9ponse va de 10 minutes \u00e0 2-3 jours, en fonction de mon agenda. <br>Vous n&rsquo;avez pas de nouvelles de moi ? V\u00e9rifiez vos spams.<br><br>Par souci de confidentialit\u00e9, ce questionnaire est s\u00e9curis\u00e9.<\/p>\n\n\n<style id=\"wpforms-css-vars-10100-block-97a1612f-7370-4e28-8d87-1bbc92881464\">\n\t\t\t\t#wpforms-10100.wpforms-block-97a1612f-7370-4e28-8d87-1bbc92881464 {\n\t\t\t\t--wpforms-label-color: var(--global-palette4);\n--wpforms-label-sublabel-color: var(--global-palette3);\n--wpforms-label-error-color: #ff0000;\n--wpforms-page-break-color: #dddddd;\n--wpforms-field-border-radius: 0px;\n--wpforms-field-background-color: var(--global-palette8);\n--wpforms-field-border-color: #cccccc;\n--wpforms-field-border-color-spare: #cccccc;\n--wpforms-field-text-color: var(--global-palette4);\n--wpforms-button-border-radius: 0px;\n--wpforms-button-background-color: var(--global-palette3);\n--wpforms-button-text-color: var(--global-palette4);\n--wpforms-button-border-color: #cccccc;\n--wpforms-field-size-input-height: 50px;\n--wpforms-field-size-input-spacing: 20px;\n--wpforms-field-size-font-size: 18px;\n--wpforms-field-size-line-height: 21px;\n--wpforms-field-size-padding-h: 14px;\n--wpforms-field-size-checkbox-size: 18px;\n--wpforms-field-size-sublabel-spacing: 10px;\n--wpforms-field-size-icon-size: 1.25;\n--wpforms-label-size-font-size: 18px;\n--wpforms-label-size-line-height: 21px;\n--wpforms-label-size-sublabel-font-size: 16px;\n--wpforms-label-size-sublabel-line-height: 19px;\n--wpforms-button-size-font-size: 20px;\n--wpforms-button-size-height: 48px;\n--wpforms-button-size-padding-h: 20px;\n--wpforms-button-size-margin-top: 15px;\n\t\t\t}\n\t\t\t<\/style><div class=\"wpforms-container wpforms-container-full wpforms-block wpforms-block-97a1612f-7370-4e28-8d87-1bbc92881464 wpforms-render-modern\" id=\"wpforms-10100\"><form id=\"wpforms-form-10100\" class=\"wpforms-validate wpforms-form wpforms-ajax-form\" data-formid=\"10100\" method=\"post\" enctype=\"multipart\/form-data\" action=\"\/en\/wp-json\/wp\/v2\/pages\/8679\" data-token=\"4ba522756346893baa5123eb72f6e2d5\" data-token-time=\"1776354744\"><noscript class=\"wpforms-error-noscript\">Please enable JavaScript in your browser to complete this form.<\/noscript><div id=\"wpforms-error-noscript\" style=\"display: none;\">Please enable JavaScript in your browser to complete this form.<\/div><div class=\"wpforms-field-container\"><div id=\"wpforms-10100-field_2-container\" class=\"wpforms-field wpforms-field-name\" data-field-id=\"2\"><label class=\"wpforms-field-label\" for=\"wpforms-10100-field_2\">Nom ou pseudo <span class=\"wpforms-required-label\" aria-hidden=\"true\">*<\/span><\/label><input type=\"text\" id=\"wpforms-10100-field_2\" class=\"wpforms-field-large wpforms-field-required\" name=\"wpforms[fields][2]\" aria-errormessage=\"wpforms-10100-field_2-error\" required><\/div><div id=\"wpforms-10100-field_3-container\" class=\"wpforms-field wpforms-field-email\" data-field-id=\"3\"><fieldset><legend class=\"wpforms-field-label\">E-mail <span class=\"wpforms-required-label\" aria-hidden=\"true\">*<\/span><\/legend><div class=\"wpforms-field-row wpforms-field-large\"><div class=\"wpforms-field-row-block wpforms-one-half wpforms-first\"><input type=\"email\" id=\"wpforms-10100-field_3\" class=\"wpforms-field-required wpforms-field-email-primary\" name=\"wpforms[fields][3][primary]\" spellcheck=\"false\" aria-errormessage=\"wpforms-10100-field_3-error\" required><label for=\"wpforms-10100-field_3\" class=\"wpforms-field-sublabel after\">Email<\/label><\/div><div class=\"wpforms-field-row-block wpforms-one-half\"><input type=\"email\" id=\"wpforms-10100-field_3-secondary\" class=\"wpforms-field-email-secondary wpforms-field-required\" data-rule-confirm=\"#wpforms-10100-field_3\" name=\"wpforms[fields][3][secondary]\" spellcheck=\"false\" aria-errormessage=\"wpforms-10100-field_3-secondary-error\" required><label for=\"wpforms-10100-field_3-secondary\" class=\"wpforms-field-sublabel after\">Confirm Email<\/label><\/div><\/div><\/fieldset><\/div><div id=\"wpforms-10100-field_5-container\" class=\"wpforms-field wpforms-field-text\" data-field-id=\"5\"><label class=\"wpforms-field-label\" for=\"wpforms-10100-field_5\">T\u00e9l\u00e9phone <span class=\"wpforms-required-label\" aria-hidden=\"true\">*<\/span><\/label><input type=\"text\" id=\"wpforms-10100-field_5\" class=\"wpforms-field-large wpforms-field-required\" name=\"wpforms[fields][5]\" aria-errormessage=\"wpforms-10100-field_5-error\" required><\/div><div id=\"wpforms-10100-field_6-container\" class=\"wpforms-field wpforms-field-number\" data-field-id=\"6\"><label class=\"wpforms-field-label\" for=\"wpforms-10100-field_6\">Votre \u00e2ge <span class=\"wpforms-required-label\" aria-hidden=\"true\">*<\/span><\/label><input type=\"number\" id=\"wpforms-10100-field_6\" class=\"wpforms-field-large wpforms-field-required\" name=\"wpforms[fields][6]\" step=\"any\" aria-errormessage=\"wpforms-10100-field_6-error\" required><\/div><div id=\"wpforms-10100-field_7-container\" class=\"wpforms-field wpforms-field-text\" data-field-id=\"7\"><label class=\"wpforms-field-label\" for=\"wpforms-10100-field_7\">Votre corpulence (taille et poids) <span class=\"wpforms-required-label\" aria-hidden=\"true\">*<\/span><\/label><input type=\"text\" id=\"wpforms-10100-field_7\" class=\"wpforms-field-large wpforms-field-required\" name=\"wpforms[fields][7]\" aria-errormessage=\"wpforms-10100-field_7-error\" aria-describedby=\"wpforms-10100-field_7-description\" required><div id=\"wpforms-10100-field_7-description\" class=\"wpforms-field-description\">Important si je dois vous manier au sol, et\/ou pour pr\u00e9voir mon \u00e9quipement (table, suspension&#8230;)<\/div><\/div><div id=\"wpforms-10100-field_8-container\" class=\"wpforms-field wpforms-field-textarea\" data-field-id=\"8\"><label class=\"wpforms-field-label\" for=\"wpforms-10100-field_8\">Votre exp\u00e9rience <span class=\"wpforms-required-label\" aria-hidden=\"true\">*<\/span><\/label><textarea id=\"wpforms-10100-field_8\" class=\"wpforms-field-medium wpforms-field-required\" name=\"wpforms[fields][8]\" aria-errormessage=\"wpforms-10100-field_8-error\" aria-describedby=\"wpforms-10100-field_8-description\" required><\/textarea><div id=\"wpforms-10100-field_8-description\" class=\"wpforms-field-description\">Nombre de s\u00e9ances approximatif ; d\u00e9tails bienvenus \u2013 par ex Dominatrices d\u00e9j\u00e0 rencontr\u00e9es<\/div><\/div><div id=\"wpforms-10100-field_9-container\" class=\"wpforms-field wpforms-field-textarea\" data-field-id=\"9\"><label class=\"wpforms-field-label\" for=\"wpforms-10100-field_9\">Votre sant\u00e9 <span class=\"wpforms-required-label\" aria-hidden=\"true\">*<\/span><\/label><textarea id=\"wpforms-10100-field_9\" class=\"wpforms-field-medium wpforms-field-required\" name=\"wpforms[fields][9]\" aria-errormessage=\"wpforms-10100-field_9-error\" aria-describedby=\"wpforms-10100-field_9-description\" required><\/textarea><div id=\"wpforms-10100-field_9-description\" class=\"wpforms-field-description\">Probl\u00e8mes actuels, blessures pass\u00e9es, allergies, phobies, traitement en cours \u2013 apportez-le !<\/div><\/div><div id=\"wpforms-10100-field_10-container\" class=\"wpforms-field wpforms-field-text\" data-field-id=\"10\"><label class=\"wpforms-field-label\" for=\"wpforms-10100-field_10\">Comment avez-vous entendu parler de moi ? <span class=\"wpforms-required-label\" aria-hidden=\"true\">*<\/span><\/label><input type=\"text\" id=\"wpforms-10100-field_10\" class=\"wpforms-field-large wpforms-field-required\" name=\"wpforms[fields][10]\" aria-errormessage=\"wpforms-10100-field_10-error\" aria-describedby=\"wpforms-10100-field_10-description\" required><div id=\"wpforms-10100-field_10-description\" class=\"wpforms-field-description\">Google, LadyXena, Twitter, Instagram, La F\u00e9rule, un article, un de mes livres, un podcast\u2026<\/div><\/div><div id=\"wpforms-10100-field_11-container\" class=\"wpforms-field wpforms-field-textarea\" data-field-id=\"11\"><label class=\"wpforms-field-label\" for=\"wpforms-10100-field_11\">Pourquoi me choisir moi ? <span class=\"wpforms-required-label\" aria-hidden=\"true\">*<\/span><\/label><textarea id=\"wpforms-10100-field_11\" class=\"wpforms-field-medium wpforms-field-required\" name=\"wpforms[fields][11]\" aria-errormessage=\"wpforms-10100-field_11-error\" required><\/textarea><\/div><div id=\"wpforms-10100-field_12-container\" class=\"wpforms-field wpforms-field-text\" data-field-id=\"12\"><label class=\"wpforms-field-label\" for=\"wpforms-10100-field_12\">Quelle relation envisagez-vous ? <span class=\"wpforms-required-label\" aria-hidden=\"true\">*<\/span><\/label><input type=\"text\" id=\"wpforms-10100-field_12\" class=\"wpforms-field-large wpforms-field-required\" name=\"wpforms[fields][12]\" aria-errormessage=\"wpforms-10100-field_12-error\" aria-describedby=\"wpforms-10100-field_12-description\" required><div id=\"wpforms-10100-field_12-description\" class=\"wpforms-field-description\">Ponctuelle, suivie, one shot\u2026<\/div><\/div><div id=\"wpforms-10100-field_13-container\" class=\"wpforms-field wpforms-field-textarea\" data-field-id=\"13\"><label class=\"wpforms-field-label\" for=\"wpforms-10100-field_13\">Qu&#039;est-ce qui motive votre recherche ? Qu&#039;avez vous envie de vivre dans mon boudoir ? <span class=\"wpforms-required-label\" aria-hidden=\"true\">*<\/span><\/label><textarea id=\"wpforms-10100-field_13\" class=\"wpforms-field-medium wpforms-field-required\" name=\"wpforms[fields][13]\" aria-errormessage=\"wpforms-10100-field_13-error\" required><\/textarea><\/div><div id=\"wpforms-10100-field_23-container\" class=\"wpforms-field wpforms-field-textarea\" data-field-id=\"23\"><label class=\"wpforms-field-label\" for=\"wpforms-10100-field_23\">D\u00e9crivez le type de s\u00e9ance que vous recherchez : quelles pratiques ? \u00c0 quelle intensit\u00e9 (soft, medium, hard\u2026) ? <span class=\"wpforms-required-label\" aria-hidden=\"true\">*<\/span><\/label><textarea id=\"wpforms-10100-field_23\" class=\"wpforms-field-medium wpforms-field-required\" name=\"wpforms[fields][23]\" aria-errormessage=\"wpforms-10100-field_23-error\" aria-describedby=\"wpforms-10100-field_23-description\" required><\/textarea><div id=\"wpforms-10100-field_23-description\" class=\"wpforms-field-description\">F\u00e9tichisme \u2013 de quoi ?-, masochisme, contraintes, jeu de r\u00f4les\u2026 Donnez des d\u00e9tails, pas seulement un mot. Attention : 1\/ Ce n\u2019est pas une liste de courses ! 2\/ Certains jeux sont incompatibles avec des soucis de sant\u00e9 (ex : probl\u00e8mes cardiaques\/\u00e9lectricit\u00e9)<\/div><\/div><div id=\"wpforms-10100-field_22-container\" class=\"wpforms-field wpforms-field-textarea\" data-field-id=\"22\"><label class=\"wpforms-field-label\" for=\"wpforms-10100-field_22\">Quelles sont vos limites ? <span class=\"wpforms-required-label\" aria-hidden=\"true\">*<\/span><\/label><textarea id=\"wpforms-10100-field_22\" class=\"wpforms-field-medium wpforms-field-required\" name=\"wpforms[fields][22]\" aria-errormessage=\"wpforms-10100-field_22-error\" required><\/textarea><\/div><div id=\"wpforms-10100-field_14-container\" class=\"wpforms-field wpforms-field-textarea\" data-field-id=\"14\"><label class=\"wpforms-field-label\" for=\"wpforms-10100-field_14\">Quelque chose \u00e0 ajouter ?<\/label><textarea id=\"wpforms-10100-field_14\" class=\"wpforms-field-medium\" name=\"wpforms[fields][14]\" aria-errormessage=\"wpforms-10100-field_14-error\" ><\/textarea><\/div><div id=\"wpforms-10100-field_16-container\" class=\"wpforms-field wpforms-field-text\" data-field-id=\"16\"><label class=\"wpforms-field-label\" for=\"wpforms-10100-field_16\">Dur\u00e9e de s\u00e9ance souhait\u00e9e (\u00e0 partir de 1h30) <span class=\"wpforms-required-label\" aria-hidden=\"true\">*<\/span><\/label><input type=\"text\" id=\"wpforms-10100-field_16\" class=\"wpforms-field-large wpforms-field-required\" name=\"wpforms[fields][16]\" aria-errormessage=\"wpforms-10100-field_16-error\" required><\/div><div id=\"wpforms-10100-field_17-container\" class=\"wpforms-field wpforms-field-text\" data-field-id=\"17\"><label class=\"wpforms-field-label\" for=\"wpforms-10100-field_17\">Prochaines disponibilit\u00e9s (dates et heures, \u00e0 partir de 12h30) <span class=\"wpforms-required-label\" aria-hidden=\"true\">*<\/span><\/label><input type=\"text\" id=\"wpforms-10100-field_17\" class=\"wpforms-field-large wpforms-field-required\" name=\"wpforms[fields][17]\" aria-errormessage=\"wpforms-10100-field_17-error\" aria-describedby=\"wpforms-10100-field_17-description\" required><div id=\"wpforms-10100-field_17-description\" class=\"wpforms-field-description\">Indiquez plusieurs cr\u00e9neaux (jour et heures) pour que je puisse choisir (je ne re\u00e7ois jamais le jour m\u00eame).<\/div><\/div><div id=\"wpforms-10100-field_19-container\" class=\"wpforms-field wpforms-field-checkbox\" data-field-id=\"19\"><fieldset><legend class=\"wpforms-field-label\">Engagement <span class=\"wpforms-required-label\" aria-hidden=\"true\">*<\/span><\/legend><ul id=\"wpforms-10100-field_19\" class=\"wpforms-field-required\"><li class=\"choice-1 depth-1\"><input type=\"checkbox\" id=\"wpforms-10100-field_19_1\" name=\"wpforms[fields][19][]\" value=\"Je certifie l\u2019exactitude des informations fournies, notamment sur mon \u00e9tat de sant\u00e9.\" aria-errormessage=\"wpforms-10100-field_19_1-error\" required ><label class=\"wpforms-field-label-inline\" for=\"wpforms-10100-field_19_1\">Je certifie l\u2019exactitude des informations fournies, notamment sur mon \u00e9tat de sant\u00e9.<\/label><\/li><\/ul><\/fieldset><\/div><div id=\"wpforms-10100-field_20-container\" class=\"wpforms-field wpforms-field-checkbox\" data-field-id=\"20\"><fieldset><legend class=\"wpforms-field-label\">Acompte <span class=\"wpforms-required-label\" aria-hidden=\"true\">*<\/span><\/legend><ul id=\"wpforms-10100-field_20\" class=\"wpforms-field-required\"><li class=\"choice-1 depth-1\"><input type=\"checkbox\" id=\"wpforms-10100-field_20_1\" name=\"wpforms[fields][20][]\" value=\"J\u2019ai not\u00e9 que pour venir en s\u00e9ance, je dois verser un acompte.\" aria-errormessage=\"wpforms-10100-field_20_1-error\" required ><label class=\"wpforms-field-label-inline\" for=\"wpforms-10100-field_20_1\">J\u2019ai not\u00e9 que pour venir en s\u00e9ance, je dois verser un acompte.<\/label><\/li><\/ul><\/fieldset><\/div><div id=\"wpforms-10100-field_21-container\" class=\"wpforms-field wpforms-field-checkbox\" data-field-id=\"21\"><fieldset><legend class=\"wpforms-field-label\">Politique d\u2019annulation <span class=\"wpforms-required-label\" aria-hidden=\"true\">*<\/span><\/legend><ul id=\"wpforms-10100-field_21\" class=\"wpforms-field-required\"><li class=\"choice-1 depth-1\"><input type=\"checkbox\" id=\"wpforms-10100-field_21_1\" name=\"wpforms[fields][21][]\" value=\"J\u2019ai bien pris connaissance de la politique d\u2019annulation et je l\u2019accepte.\" aria-errormessage=\"wpforms-10100-field_21_1-error\" required ><label class=\"wpforms-field-label-inline\" for=\"wpforms-10100-field_21_1\">J\u2019ai bien pris connaissance de la politique d\u2019annulation et je l\u2019accepte.<\/label><\/li><\/ul><\/fieldset><\/div><div id=\"wpforms-10100-field_24-container\" class=\"wpforms-field wpforms-field-checkbox\" data-field-id=\"24\"><fieldset><legend class=\"wpforms-field-label\">Souhaitez vous recevoir ma newsletter ? <span class=\"wpforms-required-label\" aria-hidden=\"true\">*<\/span><\/legend><ul id=\"wpforms-10100-field_24\" class=\"wpforms-field-required\"><li class=\"choice-1 depth-1\"><input type=\"checkbox\" id=\"wpforms-10100-field_24_1\" name=\"wpforms[fields][24][]\" value=\"Oui\" aria-errormessage=\"wpforms-10100-field_24_1-error\" required ><label class=\"wpforms-field-label-inline\" for=\"wpforms-10100-field_24_1\">Oui<\/label><\/li><li class=\"choice-2 depth-1\"><input type=\"checkbox\" id=\"wpforms-10100-field_24_2\" name=\"wpforms[fields][24][]\" value=\"Non\" aria-errormessage=\"wpforms-10100-field_24_2-error\" required ><label class=\"wpforms-field-label-inline\" for=\"wpforms-10100-field_24_2\">Non<\/label><\/li><\/ul><\/fieldset><\/div><\/div><!-- .wpforms-field-container --><div class=\"wpforms-recaptcha-container wpforms-is-recaptcha wpforms-is-recaptcha-type-v3\" ><input type=\"hidden\" name=\"wpforms[recaptcha]\" value=\"\"><\/div><div class=\"wpforms-submit-container\" ><input type=\"hidden\" name=\"wpforms[id]\" value=\"10100\"><input type=\"hidden\" name=\"page_title\" value=\"\"><input type=\"hidden\" name=\"page_url\" value=\"https:\/\/madamelule.com\/en\/wp-json\/wp\/v2\/pages\/8679\"><input type=\"hidden\" name=\"url_referer\" value=\"\"><button type=\"submit\" name=\"wpforms[submit]\" id=\"wpforms-submit-10100\" class=\"wpforms-submit\" data-alt-text=\"Envoi...\" data-submit-text=\"Envoyer\" aria-live=\"assertive\" value=\"wpforms-submit\">Envoyer<\/button><img decoding=\"async\" data-src=\"https:\/\/madamelule.com\/wp-content\/plugins\/wpforms-lite\/assets\/images\/submit-spin.svg\" class=\"wpforms-submit-spinner lazyload\" style=\"--smush-placeholder-width: 26px; --smush-placeholder-aspect-ratio: 26\/26;display: none;\" width=\"26\" height=\"26\" alt=\"Loading\" src=\"data:image\/svg+xml;base64,PHN2ZyB3aWR0aD0iMSIgaGVpZ2h0PSIxIiB4bWxucz0iaHR0cDovL3d3dy53My5vcmcvMjAwMC9zdmciPjwvc3ZnPg==\"><\/div><\/form><\/div>  <!-- .wpforms-container -->\n\n\n<h2 class=\"wp-block-heading\">Vos derniers mots, Madame ?<\/h2>\n\n\n\n<ul class=\"wp-block-list\">\n<li>Le jour J, soyez ponctuel, sous peine de voir notre s\u00e9ance \u00e9court\u00e9e.<\/li>\n\n\n\n<li>Une attention ou un petit cadeau sont vivement appr\u00e9ci\u00e9s.<\/li>\n\n\n\n<li>Grignotez ou mangez l\u00e9ger avant de venir. Evitons les malaises dus \u00e0 trop d\u2019\u00e9motions&nbsp;!<\/li>\n<\/ul>\n\n\n\n<h2 class=\"wp-block-heading\">Et maintenant, jouons !<\/h2>\n<\/div><\/div>\n\n\n<style>.kadence-column8679_4df1db-a8 > .kt-inside-inner-col,.kadence-column8679_4df1db-a8 > .kt-inside-inner-col:before{border-top-left-radius:0px;border-top-right-radius:0px;border-bottom-right-radius:0px;border-bottom-left-radius:0px;}.kadence-column8679_4df1db-a8 > .kt-inside-inner-col{column-gap:var(--global-kb-gap-sm, 1rem);}.kadence-column8679_4df1db-a8 > .kt-inside-inner-col{flex-direction:column;}.kadence-column8679_4df1db-a8 > .kt-inside-inner-col > .aligncenter{width:100%;}.kadence-column8679_4df1db-a8 > .kt-inside-inner-col:before{opacity:0.3;}.kadence-column8679_4df1db-a8{position:relative;}@media all and (max-width: 1024px){.kadence-column8679_4df1db-a8 > .kt-inside-inner-col{flex-direction:column;justify-content:center;}}@media all and (max-width: 767px){.kadence-column8679_4df1db-a8 > .kt-inside-inner-col{flex-direction:column;justify-content:center;}}<\/style>\n<div class=\"wp-block-kadence-column kadence-column8679_4df1db-a8\"><div class=\"kt-inside-inner-col\">\n<div style=\"height:39px\" aria-hidden=\"true\" class=\"wp-block-spacer\"><\/div>\n\n\n\n<figure class=\"wp-block-gallery has-nested-images columns-default is-cropped wp-block-gallery-2 is-layout-flex wp-block-gallery-is-layout-flex\">\n<figure class=\"wp-block-image size-large has-custom-border\"><img decoding=\"async\" width=\"683\" height=\"1024\" data-id=\"10749\" data-src=\"https:\/\/madamelule.com\/wp-content\/uploads\/2025\/05\/JKL-portrait-croix6-683x1024.jpg\" alt=\"\" class=\"wp-image-10749 lazyload\" style=\"--smush-placeholder-width: 683px; --smush-placeholder-aspect-ratio: 683\/1024;border-radius:100px\" data-srcset=\"https:\/\/madamelule.com\/wp-content\/uploads\/2025\/05\/JKL-portrait-croix6-683x1024.jpg 683w, https:\/\/madamelule.com\/wp-content\/uploads\/2025\/05\/JKL-portrait-croix6-200x300.jpg 200w, https:\/\/madamelule.com\/wp-content\/uploads\/2025\/05\/JKL-portrait-croix6-768x1152.jpg 768w, https:\/\/madamelule.com\/wp-content\/uploads\/2025\/05\/JKL-portrait-croix6-1024x1536.jpg 1024w, https:\/\/madamelule.com\/wp-content\/uploads\/2025\/05\/JKL-portrait-croix6-1366x2048.jpg 1366w, https:\/\/madamelule.com\/wp-content\/uploads\/2025\/05\/JKL-portrait-croix6-8x12.jpg 8w, https:\/\/madamelule.com\/wp-content\/uploads\/2025\/05\/JKL-portrait-croix6-scaled.jpg 1707w\" data-sizes=\"(max-width: 683px) 100vw, 683px\" src=\"data:image\/svg+xml;base64,PHN2ZyB3aWR0aD0iMSIgaGVpZ2h0PSIxIiB4bWxucz0iaHR0cDovL3d3dy53My5vcmcvMjAwMC9zdmciPjwvc3ZnPg==\" \/><\/figure>\n<\/figure>\n<\/div><\/div>\n\n<\/div><\/div>","protected":false},"excerpt":{"rendered":"<p>Oh yes, Madame, a s\u00e9ance! Confide in me... I can hear everything, as long as you follow my rules. At the very least, read the following pages: \"Don't confuse my personality with my attitude. My personality is who I am. My attitude depends on who you are. No contact or...<\/p>","protected":false},"author":5,"featured_media":10890,"parent":0,"menu_order":0,"comment_status":"closed","ping_status":"closed","template":"","meta":{"_acf_changed":false,"_kad_post_transparent":"","_kad_post_title":"","_kad_post_layout":"","_kad_post_sidebar_id":"","_kad_post_content_style":"","_kad_post_vertical_padding":"","_kad_post_feature":"","_kad_post_feature_position":"","_kad_post_header":false,"_kad_post_footer":false,"_kad_post_classname":"","footnotes":""},"class_list":["post-8679","page","type-page","status-publish","has-post-thumbnail","hentry"],"acf":[],"_links":{"self":[{"href":"https:\/\/madamelule.com\/en\/wp-json\/wp\/v2\/pages\/8679","targetHints":{"allow":["GET"]}}],"collection":[{"href":"https:\/\/madamelule.com\/en\/wp-json\/wp\/v2\/pages"}],"about":[{"href":"https:\/\/madamelule.com\/en\/wp-json\/wp\/v2\/types\/page"}],"author":[{"embeddable":true,"href":"https:\/\/madamelule.com\/en\/wp-json\/wp\/v2\/users\/5"}],"replies":[{"embeddable":true,"href":"https:\/\/madamelule.com\/en\/wp-json\/wp\/v2\/comments?post=8679"}],"version-history":[{"count":41,"href":"https:\/\/madamelule.com\/en\/wp-json\/wp\/v2\/pages\/8679\/revisions"}],"predecessor-version":[{"id":11734,"href":"https:\/\/madamelule.com\/en\/wp-json\/wp\/v2\/pages\/8679\/revisions\/11734"}],"wp:featuredmedia":[{"embeddable":true,"href":"https:\/\/madamelule.com\/en\/wp-json\/wp\/v2\/media\/10890"}],"wp:attachment":[{"href":"https:\/\/madamelule.com\/en\/wp-json\/wp\/v2\/media?parent=8679"}],"curies":[{"name":"wp","href":"https:\/\/api.w.org\/{rel}","templated":true}]}}