{"id":8466,"date":"2024-06-02T23:29:50","date_gmt":"2024-06-02T21:29:50","guid":{"rendered":"https:\/\/madamelule.com\/?page_id=8466"},"modified":"2026-03-09T15:25:47","modified_gmt":"2026-03-09T14:25:47","slug":"aide-ecriture-erotique","status":"publish","type":"page","link":"https:\/\/madamelule.com\/en\/creations\/aide-ecriture-erotique\/","title":{"rendered":"Erotic writing help"},"content":{"rendered":"<style>.kadence-column8466_2b8840-87 > .kt-inside-inner-col,.kadence-column8466_2b8840-87 > .kt-inside-inner-col:before{border-top-left-radius:0px;border-top-right-radius:0px;border-bottom-right-radius:0px;border-bottom-left-radius:0px;}.kadence-column8466_2b8840-87 > .kt-inside-inner-col{column-gap:var(--global-kb-gap-sm, 1rem);}.kadence-column8466_2b8840-87 > .kt-inside-inner-col{flex-direction:column;}.kadence-column8466_2b8840-87 > .kt-inside-inner-col > .aligncenter{width:100%;}.kadence-column8466_2b8840-87 > .kt-inside-inner-col:before{opacity:0.3;}.kadence-column8466_2b8840-87{position:relative;}@media all and (max-width: 1024px){.kadence-column8466_2b8840-87 > .kt-inside-inner-col{flex-direction:column;justify-content:center;}}@media all and (max-width: 767px){.kadence-column8466_2b8840-87 > .kt-inside-inner-col{flex-direction:column;justify-content:center;}}<\/style>\n<div class=\"wp-block-kadence-column kadence-column8466_2b8840-87\"><div class=\"kt-inside-inner-col\">\n<h1 class=\"wp-block-heading has-text-align-center\"><strong>Help with erotic writing<\/strong> and BDSM<\/h1>\n<\/div><\/div>\n\n\n<style>.kadence-column8466_652c0a-9a > .kt-inside-inner-col,.kadence-column8466_652c0a-9a > .kt-inside-inner-col:before{border-top-left-radius:0px;border-top-right-radius:0px;border-bottom-right-radius:0px;border-bottom-left-radius:0px;}.kadence-column8466_652c0a-9a > .kt-inside-inner-col{column-gap:var(--global-kb-gap-sm, 1rem);}.kadence-column8466_652c0a-9a > .kt-inside-inner-col{flex-direction:column;}.kadence-column8466_652c0a-9a > .kt-inside-inner-col > .aligncenter{width:100%;}.kadence-column8466_652c0a-9a > .kt-inside-inner-col:before{opacity:0.3;}.kadence-column8466_652c0a-9a{position:relative;}@media all and (max-width: 1024px){.kadence-column8466_652c0a-9a > .kt-inside-inner-col{flex-direction:column;justify-content:center;}}@media all and (max-width: 767px){.kadence-column8466_652c0a-9a > .kt-inside-inner-col{flex-direction:column;justify-content:center;}}<\/style>\n<div class=\"wp-block-kadence-column kadence-column8466_652c0a-9a\"><div class=\"kt-inside-inner-col\">\n<p class=\"has-text-align-center\">When the blank page invites itself or the pen resists... Madame Lule, lend me your pen!<\/p>\n<\/div><\/div>\n\n\n<style>.wp-block-kadence-spacer.kt-block-spacer-8466_6437ac-c4 .kt-block-spacer{height:60px;}.wp-block-kadence-spacer.kt-block-spacer-8466_6437ac-c4 .kt-divider{border-top-width:1px;height:1px;border-top-color:#eee;width:80%;border-top-style:solid;}<\/style>\n<div class=\"wp-block-kadence-spacer aligncenter kt-block-spacer-8466_6437ac-c4\"><div class=\"kt-block-spacer kt-block-spacer-halign-center\"><hr class=\"kt-divider\"\/><\/div><\/div>\n\n\n<style>.kb-row-layout-id8466_5ef1ed-c9 > .kt-row-column-wrap{align-content:start;}:where(.kb-row-layout-id8466_5ef1ed-c9 > .kt-row-column-wrap) > .wp-block-kadence-column{justify-content:start;}.kb-row-layout-id8466_5ef1ed-c9 > .kt-row-column-wrap{column-gap:var(--global-kb-gap-md, 2rem);row-gap:var(--global-kb-gap-md, 2rem);padding-top:var(--global-kb-spacing-sm, 1.5rem);padding-bottom:var(--global-kb-spacing-sm, 1.5rem);grid-template-columns:minmax(0, 1fr) minmax(0, 2fr);}.kb-row-layout-id8466_5ef1ed-c9 > .kt-row-layout-overlay{opacity:0.30;}@media all and (max-width: 1024px){.kb-row-layout-id8466_5ef1ed-c9 > .kt-row-column-wrap{grid-template-columns:minmax(0, 1fr) minmax(0, 2fr);}}@media all and (max-width: 767px){.kb-row-layout-id8466_5ef1ed-c9 > .kt-row-column-wrap{grid-template-columns:minmax(0, 1fr);}}<\/style><div class=\"kb-row-layout-wrap kb-row-layout-id8466_5ef1ed-c9 alignnone wp-block-kadence-rowlayout\"><div class=\"kt-row-column-wrap kt-has-2-columns kt-row-layout-right-golden kt-tab-layout-inherit kt-mobile-layout-row kt-row-valign-top\">\n<style>.kadence-column8466_83e565-aa > .kt-inside-inner-col{display:flex;}.kadence-column8466_83e565-aa > .kt-inside-inner-col,.kadence-column8466_83e565-aa > .kt-inside-inner-col:before{border-top-left-radius:0px;border-top-right-radius:0px;border-bottom-right-radius:0px;border-bottom-left-radius:0px;}.kadence-column8466_83e565-aa > .kt-inside-inner-col{column-gap:var(--global-kb-gap-sm, 1rem);}.kadence-column8466_83e565-aa > .kt-inside-inner-col{flex-direction:column;justify-content:center;}.kadence-column8466_83e565-aa > .kt-inside-inner-col > .aligncenter{width:100%;}.kt-row-column-wrap > .kadence-column8466_83e565-aa{align-self:center;}.kt-inner-column-height-full:not(.kt-has-1-columns) > .wp-block-kadence-column.kadence-column8466_83e565-aa{align-self:auto;}.kt-inner-column-height-full:not(.kt-has-1-columns) > .wp-block-kadence-column.kadence-column8466_83e565-aa > .kt-inside-inner-col{flex-direction:column;justify-content:center;}.kadence-column8466_83e565-aa > .kt-inside-inner-col:before{opacity:0.3;}.kadence-column8466_83e565-aa{position:relative;}@media all and (max-width: 1024px){.kt-row-column-wrap > .kadence-column8466_83e565-aa{align-self:center;}}@media all and (max-width: 1024px){.kt-inner-column-height-full:not(.kt-has-1-columns) > .wp-block-kadence-column.kadence-column8466_83e565-aa{align-self:auto;}}@media all and (max-width: 1024px){.kt-inner-column-height-full:not(.kt-has-1-columns) > .wp-block-kadence-column.kadence-column8466_83e565-aa > .kt-inside-inner-col{flex-direction:column;justify-content:center;}}@media all and (max-width: 1024px){.kadence-column8466_83e565-aa > .kt-inside-inner-col{flex-direction:column;justify-content:center;}}@media all and (max-width: 767px){.kt-row-column-wrap > .kadence-column8466_83e565-aa{align-self:center;}.kt-inner-column-height-full:not(.kt-has-1-columns) > .wp-block-kadence-column.kadence-column8466_83e565-aa{align-self:auto;}.kt-inner-column-height-full:not(.kt-has-1-columns) > .wp-block-kadence-column.kadence-column8466_83e565-aa > .kt-inside-inner-col{flex-direction:column;justify-content:center;}.kadence-column8466_83e565-aa > .kt-inside-inner-col{flex-direction:column;justify-content:center;}}<\/style>\n<div class=\"wp-block-kadence-column kadence-column8466_83e565-aa\"><div class=\"kt-inside-inner-col\">\n<figure class=\"wp-block-image size-large has-custom-border\"><img decoding=\"async\" width=\"683\" height=\"1024\" data-src=\"https:\/\/madamelule.com\/wp-content\/uploads\/2024\/05\/MG_0986-683x1024.jpg\" alt=\"\" class=\"wp-image-7397 lazyload\" style=\"--smush-placeholder-width: 683px; --smush-placeholder-aspect-ratio: 683\/1024;border-radius:1em\" data-srcset=\"https:\/\/madamelule.com\/wp-content\/uploads\/2024\/05\/MG_0986-683x1024.jpg 683w, https:\/\/madamelule.com\/wp-content\/uploads\/2024\/05\/MG_0986-200x300.jpg 200w, https:\/\/madamelule.com\/wp-content\/uploads\/2024\/05\/MG_0986-768x1152.jpg 768w, https:\/\/madamelule.com\/wp-content\/uploads\/2024\/05\/MG_0986-1024x1536.jpg 1024w, https:\/\/madamelule.com\/wp-content\/uploads\/2024\/05\/MG_0986.jpg 1280w\" data-sizes=\"(max-width: 683px) 100vw, 683px\" src=\"data:image\/svg+xml;base64,PHN2ZyB3aWR0aD0iMSIgaGVpZ2h0PSIxIiB4bWxucz0iaHR0cDovL3d3dy53My5vcmcvMjAwMC9zdmciPjwvc3ZnPg==\" \/><\/figure>\n<\/div><\/div>\n\n\n<style>.kadence-column8466_f2e06b-80 > .kt-inside-inner-col,.kadence-column8466_f2e06b-80 > .kt-inside-inner-col:before{border-top-left-radius:0px;border-top-right-radius:0px;border-bottom-right-radius:0px;border-bottom-left-radius:0px;}.kadence-column8466_f2e06b-80 > .kt-inside-inner-col{column-gap:var(--global-kb-gap-sm, 1rem);}.kadence-column8466_f2e06b-80 > .kt-inside-inner-col{flex-direction:column;}.kadence-column8466_f2e06b-80 > .kt-inside-inner-col > .aligncenter{width:100%;}.kadence-column8466_f2e06b-80 > .kt-inside-inner-col:before{opacity:0.3;}.kadence-column8466_f2e06b-80{position:relative;}@media all and (max-width: 1024px){.kadence-column8466_f2e06b-80 > .kt-inside-inner-col{flex-direction:column;justify-content:center;}}@media all and (max-width: 767px){.kadence-column8466_f2e06b-80 > .kt-inside-inner-col{flex-direction:column;justify-content:center;}}<\/style>\n<div class=\"wp-block-kadence-column kadence-column8466_f2e06b-80\"><div class=\"kt-inside-inner-col\">\n<h2 class=\"wp-block-heading has-text-align-left\">To the letter<\/h2>\n\n\n\n<p>In another life, I lived by my pen. Today, I still write, though more for pleasure.<br>Page after page, the list of my possible :<\/p>\n\n\n\n<ul class=\"wp-block-list\">\n<li>Building or strengthening a plot.<\/li>\n\n\n\n<li>Help you create a character; give you my opinion on a psychological path, the plausibility of a situation.<\/li>\n\n\n\n<li>Help you write a synopsis or presentation.<\/li>\n\n\n\n<li>Refine your style.<\/li>\n\n\n\n<li>Simply to read you!<\/li>\n<\/ul>\n\n\n\n<h2 class=\"wp-block-heading\">Terms and conditions<\/h2>\n\n\n\n<p><strong>Video sessions : <\/strong>30 min - \u20ac60; 60 min - \u20ac100.<br>Possibility of grouped sessions.<\/p>\n\n\n\n<h2 class=\"wp-block-heading\">My interloped writings<\/h2>\n\n\n\n<ul class=\"wp-block-list\">\n<li><em><strong>La Loi du Talon<\/strong> <\/em>from La Musardine.<\/li>\n\n\n\n<li>News from La Musardine: <strong><em>Anima Canina<\/em><\/strong> (Collection <em>Immoral<\/em>), <em><strong>Very closed house<\/strong><\/em> (Collection <em>Ardentes<\/em>), <em><strong>Small deaths and witch-hands<\/strong><\/em> (Collection <em>Fantasies<\/em>).<\/li>\n\n\n\n<li><strong><em><a href=\"https:\/\/creationsdelule.com\/produit\/artiste-de-la-viande\/\" target=\"_blank\" rel=\"noopener\">Meat artist<\/a><\/em><\/strong> (audiobook).<\/li>\n\n\n\n<li><em><a href=\"https:\/\/creationsdelule.com\/produit\/le-donjon-des-supplidelices-2\/\" target=\"_blank\" rel=\"noopener\"><strong>Le Donjon des Supplid\u00e9lices<\/strong><\/a><\/em>, a book in which you are neither the hero nor the heroine!<\/li>\n\n\n\n<li><em><strong><a href=\"https:\/\/creationsdelule.com\/produit\/lemanuscule-parcours-de-soumission\/\" target=\"_blank\" rel=\"noopener\">The Emanuscule, a journey of submission.<\/a><\/strong><\/em><\/li>\n\n\n\n<li><em><strong><a href=\"https:\/\/creationsdelule.com\/produit\/le-malendrier\/\" target=\"_blank\" rel=\"noopener\">Le Malendrier,<\/a><\/strong><\/em> Perpetual calendar of submission.<\/li>\n\n\n\n<li>The section <strong><a href=\"https:\/\/madamelule.com\/en\/creations\/textes\/\">Under my pen<\/a> <\/strong>of this site.<\/li>\n\n\n\n<li>The section <strong>Leaf stripper<\/strong> from <strong><a href=\"https:\/\/laferule.com\/\" target=\"_blank\" rel=\"noopener\">La F\u00e9rule<\/a><\/strong>.<\/li>\n<\/ul>\n<\/div><\/div>\n\n<\/div><\/div>\n\n<style>.wp-block-kadence-advancedbtn.kb-btns11510_347531-99{gap:var(--global-kb-gap-xs, 0.5rem );justify-content:center;align-items:center;}.kt-btns11510_347531-99 .kt-button{font-weight:normal;font-style:normal;}.kt-btns11510_347531-99 .kt-btn-wrap-0{margin-right:5px;}.wp-block-kadence-advancedbtn.kt-btns11510_347531-99 .kt-btn-wrap-0 .kt-button{color:#555555;border-color:#555555;}.wp-block-kadence-advancedbtn.kt-btns11510_347531-99 .kt-btn-wrap-0 .kt-button:hover, .wp-block-kadence-advancedbtn.kt-btns11510_347531-99 .kt-btn-wrap-0 .kt-button:focus{color:#ffffff;border-color:#444444;}.wp-block-kadence-advancedbtn.kt-btns11510_347531-99 .kt-btn-wrap-0 .kt-button::before{display:none;}.wp-block-kadence-advancedbtn.kt-btns11510_347531-99 .kt-btn-wrap-0 .kt-button:hover, .wp-block-kadence-advancedbtn.kt-btns11510_347531-99 .kt-btn-wrap-0 .kt-button:focus{background:#444444;}<\/style>\n<div class=\"wp-block-kadence-advancedbtn kb-buttons-wrap kb-btns11510_347531-99\"><style>ul.menu .wp-block-kadence-advancedbtn .kb-btn11510_d8299d-5d.kb-button{width:initial;}.wp-block-kadence-advancedbtn .kb-btn11510_d8299d-5d.kb-button{color:var(--global-palette8, #F7FAFC);background:var(--global-palette3, #1A202C);font-size:22px;font-family:'Cormorant Upright';font-weight:700;border-top-left-radius:11px;border-top-right-radius:11px;border-bottom-right-radius:11px;border-bottom-left-radius:11px;padding-top:8px;padding-right:14px;padding-bottom:8px;padding-left:14px;}.wp-block-kadence-advancedbtn .kb-btn11510_d8299d-5d.kb-button:hover, .wp-block-kadence-advancedbtn .kb-btn11510_d8299d-5d.kb-button:focus{background:#ff9f00;}<\/style><a class=\"kb-button kt-button button kb-btn11510_d8299d-5d kt-btn-size-standard kt-btn-width-type-auto kb-btn-global-fill  kt-btn-has-text-true kt-btn-has-svg-false  wp-block-kadence-singlebtn\" href=\"https:\/\/madamelule.com\/en\/contact-general\/\"><span class=\"kt-btn-inner-text\">Let's talk!<\/span><\/a><\/div>","protected":false},"excerpt":{"rendered":"<p>Aide \u00e0 l&rsquo;\u00e9criture \u00e9rotique et BDSM Quand la page blanche s&rsquo;invite ou que le stylo r\u00e9siste&#8230; Madame Lule, pr\u00eatez-moi votre plume ! \u00c0 la lettre Dans une autre vie, j\u2019ai v\u00e9cu de ma plume. Aujourd&rsquo;hui j&rsquo;\u00e9cris toujours, davantage pour le plaisir (quoique).Page apr\u00e8s page, la liste de mes possibles : Modalit\u00e9s Sessions en visio :&#8230;<\/p>","protected":false},"author":5,"featured_media":8480,"parent":1376,"menu_order":0,"comment_status":"closed","ping_status":"closed","template":"","meta":{"_acf_changed":false,"_kad_post_transparent":"","_kad_post_title":"","_kad_post_layout":"","_kad_post_sidebar_id":"","_kad_post_content_style":"","_kad_post_vertical_padding":"","_kad_post_feature":"","_kad_post_feature_position":"","_kad_post_header":false,"_kad_post_footer":false,"_kad_post_classname":"","footnotes":""},"class_list":["post-8466","page","type-page","status-publish","has-post-thumbnail","hentry"],"acf":[],"_links":{"self":[{"href":"https:\/\/madamelule.com\/en\/wp-json\/wp\/v2\/pages\/8466","targetHints":{"allow":["GET"]}}],"collection":[{"href":"https:\/\/madamelule.com\/en\/wp-json\/wp\/v2\/pages"}],"about":[{"href":"https:\/\/madamelule.com\/en\/wp-json\/wp\/v2\/types\/page"}],"author":[{"embeddable":true,"href":"https:\/\/madamelule.com\/en\/wp-json\/wp\/v2\/users\/5"}],"replies":[{"embeddable":true,"href":"https:\/\/madamelule.com\/en\/wp-json\/wp\/v2\/comments?post=8466"}],"version-history":[{"count":26,"href":"https:\/\/madamelule.com\/en\/wp-json\/wp\/v2\/pages\/8466\/revisions"}],"predecessor-version":[{"id":11757,"href":"https:\/\/madamelule.com\/en\/wp-json\/wp\/v2\/pages\/8466\/revisions\/11757"}],"up":[{"embeddable":true,"href":"https:\/\/madamelule.com\/en\/wp-json\/wp\/v2\/pages\/1376"}],"wp:featuredmedia":[{"embeddable":true,"href":"https:\/\/madamelule.com\/en\/wp-json\/wp\/v2\/media\/8480"}],"wp:attachment":[{"href":"https:\/\/madamelule.com\/en\/wp-json\/wp\/v2\/media?parent=8466"}],"curies":[{"name":"wp","href":"https:\/\/api.w.org\/{rel}","templated":true}]}}