{"id":8462,"date":"2024-06-02T23:28:50","date_gmt":"2024-06-02T21:28:50","guid":{"rendered":"https:\/\/madamelule.com\/?page_id=8462"},"modified":"2026-03-02T11:55:49","modified_gmt":"2026-03-02T10:55:49","slug":"creation-de-contenus","status":"publish","type":"page","link":"https:\/\/madamelule.com\/en\/creations\/creation-de-contenus\/","title":{"rendered":"Content creation"},"content":{"rendered":"<style>.kadence-column8462_b0a8c1-85 > .kt-inside-inner-col,.kadence-column8462_b0a8c1-85 > .kt-inside-inner-col:before{border-top-left-radius:0px;border-top-right-radius:0px;border-bottom-right-radius:0px;border-bottom-left-radius:0px;}.kadence-column8462_b0a8c1-85 > .kt-inside-inner-col{column-gap:var(--global-kb-gap-sm, 1rem);}.kadence-column8462_b0a8c1-85 > .kt-inside-inner-col{flex-direction:column;}.kadence-column8462_b0a8c1-85 > .kt-inside-inner-col > .aligncenter{width:100%;}.kadence-column8462_b0a8c1-85 > .kt-inside-inner-col:before{opacity:0.3;}.kadence-column8462_b0a8c1-85{position:relative;}@media all and (max-width: 1024px){.kadence-column8462_b0a8c1-85 > .kt-inside-inner-col{flex-direction:column;justify-content:center;}}@media all and (max-width: 767px){.kadence-column8462_b0a8c1-85 > .kt-inside-inner-col{flex-direction:column;justify-content:center;}}<\/style>\n<div class=\"wp-block-kadence-column kadence-column8462_b0a8c1-85\"><div class=\"kt-inside-inner-col\">\n<h1 class=\"wp-block-heading has-text-align-center\">Custom creations<\/h1>\n<\/div><\/div>\n\n\n\n<p class=\"has-text-align-center\">In addition to being a Dominatrice, I'm also an artist. Dominartist, that is.<br>A short tour of the workshop.<\/p>\n\n\n<style>.wp-block-kadence-spacer.kt-block-spacer-8462_ac5a39-47 .kt-block-spacer{height:60px;}.wp-block-kadence-spacer.kt-block-spacer-8462_ac5a39-47 .kt-divider{border-top-width:1px;height:1px;border-top-color:#eee;width:80%;border-top-style:solid;}<\/style>\n<div class=\"wp-block-kadence-spacer aligncenter kt-block-spacer-8462_ac5a39-47\"><div class=\"kt-block-spacer kt-block-spacer-halign-center\"><hr class=\"kt-divider\"\/><\/div><\/div>\n\n\n<style>.kb-row-layout-id8462_458075-20 > .kt-row-column-wrap{align-content:start;}:where(.kb-row-layout-id8462_458075-20 > .kt-row-column-wrap) > .wp-block-kadence-column{justify-content:start;}.kb-row-layout-id8462_458075-20 > .kt-row-column-wrap{column-gap:var(--global-kb-gap-md, 2rem);row-gap:var(--global-kb-gap-md, 2rem);padding-top:var(--global-kb-spacing-sm, 1.5rem);padding-bottom:var(--global-kb-spacing-sm, 1.5rem);grid-template-columns:minmax(0, 1fr) minmax(0, 2fr);}.kb-row-layout-id8462_458075-20 > .kt-row-layout-overlay{opacity:0.30;}@media all and (max-width: 1024px){.kb-row-layout-id8462_458075-20 > .kt-row-column-wrap{grid-template-columns:minmax(0, 1fr) minmax(0, 2fr);}}@media all and (max-width: 767px){.kb-row-layout-id8462_458075-20 > .kt-row-column-wrap{grid-template-columns:minmax(0, 1fr);}}<\/style><div class=\"kb-row-layout-wrap kb-row-layout-id8462_458075-20 alignnone wp-block-kadence-rowlayout\"><div class=\"kt-row-column-wrap kt-has-2-columns kt-row-layout-right-golden kt-tab-layout-inherit kt-mobile-layout-row kt-row-valign-top\">\n<style>.kadence-column8462_90204f-a2 > .kt-inside-inner-col{display:flex;}.kadence-column8462_90204f-a2 > .kt-inside-inner-col,.kadence-column8462_90204f-a2 > .kt-inside-inner-col:before{border-top-left-radius:0px;border-top-right-radius:0px;border-bottom-right-radius:0px;border-bottom-left-radius:0px;}.kadence-column8462_90204f-a2 > .kt-inside-inner-col{column-gap:var(--global-kb-gap-sm, 1rem);}.kadence-column8462_90204f-a2 > .kt-inside-inner-col{flex-direction:column;justify-content:center;}.kadence-column8462_90204f-a2 > .kt-inside-inner-col > .aligncenter{width:100%;}.kt-row-column-wrap > .kadence-column8462_90204f-a2{align-self:center;}.kt-inner-column-height-full:not(.kt-has-1-columns) > .wp-block-kadence-column.kadence-column8462_90204f-a2{align-self:auto;}.kt-inner-column-height-full:not(.kt-has-1-columns) > .wp-block-kadence-column.kadence-column8462_90204f-a2 > .kt-inside-inner-col{flex-direction:column;justify-content:center;}.kadence-column8462_90204f-a2 > .kt-inside-inner-col:before{opacity:0.3;}.kadence-column8462_90204f-a2{position:relative;}@media all and (max-width: 1024px){.kt-row-column-wrap > .kadence-column8462_90204f-a2{align-self:center;}}@media all and (max-width: 1024px){.kt-inner-column-height-full:not(.kt-has-1-columns) > .wp-block-kadence-column.kadence-column8462_90204f-a2{align-self:auto;}}@media all and (max-width: 1024px){.kt-inner-column-height-full:not(.kt-has-1-columns) > .wp-block-kadence-column.kadence-column8462_90204f-a2 > .kt-inside-inner-col{flex-direction:column;justify-content:center;}}@media all and (max-width: 1024px){.kadence-column8462_90204f-a2 > .kt-inside-inner-col{flex-direction:column;justify-content:center;}}@media all and (max-width: 767px){.kt-row-column-wrap > .kadence-column8462_90204f-a2{align-self:center;}.kt-inner-column-height-full:not(.kt-has-1-columns) > .wp-block-kadence-column.kadence-column8462_90204f-a2{align-self:auto;}.kt-inner-column-height-full:not(.kt-has-1-columns) > .wp-block-kadence-column.kadence-column8462_90204f-a2 > .kt-inside-inner-col{flex-direction:column;justify-content:center;}.kadence-column8462_90204f-a2 > .kt-inside-inner-col{flex-direction:column;justify-content:center;}}<\/style>\n<div class=\"wp-block-kadence-column kadence-column8462_90204f-a2\"><div class=\"kt-inside-inner-col\">\n<figure class=\"wp-block-image size-large has-custom-border\"><img decoding=\"async\" width=\"768\" height=\"1024\" data-src=\"https:\/\/madamelule.com\/wp-content\/uploads\/2024\/05\/guepiere-Frida-Kahlo2-768x1024.jpg\" alt=\"\" class=\"wp-image-7535 lazyload\" style=\"--smush-placeholder-width: 768px; --smush-placeholder-aspect-ratio: 768\/1024;border-radius:1em\" data-srcset=\"https:\/\/madamelule.com\/wp-content\/uploads\/2024\/05\/guepiere-Frida-Kahlo2-768x1024.jpg 768w, https:\/\/madamelule.com\/wp-content\/uploads\/2024\/05\/guepiere-Frida-Kahlo2-225x300.jpg 225w, https:\/\/madamelule.com\/wp-content\/uploads\/2024\/05\/guepiere-Frida-Kahlo2-1152x1536.jpg 1152w, https:\/\/madamelule.com\/wp-content\/uploads\/2024\/05\/guepiere-Frida-Kahlo2.jpg 1200w\" data-sizes=\"(max-width: 768px) 100vw, 768px\" src=\"data:image\/svg+xml;base64,PHN2ZyB3aWR0aD0iMSIgaGVpZ2h0PSIxIiB4bWxucz0iaHR0cDovL3d3dy53My5vcmcvMjAwMC9zdmciPjwvc3ZnPg==\" \/><\/figure>\n<\/div><\/div>\n\n\n<style>.kadence-column8462_3d286e-58 > .kt-inside-inner-col,.kadence-column8462_3d286e-58 > .kt-inside-inner-col:before{border-top-left-radius:0px;border-top-right-radius:0px;border-bottom-right-radius:0px;border-bottom-left-radius:0px;}.kadence-column8462_3d286e-58 > .kt-inside-inner-col{column-gap:var(--global-kb-gap-sm, 1rem);}.kadence-column8462_3d286e-58 > .kt-inside-inner-col{flex-direction:column;}.kadence-column8462_3d286e-58 > .kt-inside-inner-col > .aligncenter{width:100%;}.kadence-column8462_3d286e-58 > .kt-inside-inner-col:before{opacity:0.3;}.kadence-column8462_3d286e-58{position:relative;}@media all and (max-width: 1024px){.kadence-column8462_3d286e-58 > .kt-inside-inner-col{flex-direction:column;justify-content:center;}}@media all and (max-width: 767px){.kadence-column8462_3d286e-58 > .kt-inside-inner-col{flex-direction:column;justify-content:center;}}<\/style>\n<div class=\"wp-block-kadence-column kadence-column8462_3d286e-58\"><div class=\"kt-inside-inner-col\">\n<h2 class=\"wp-block-heading\">Option s<strong>ur-mesure<\/strong><\/h2>\n\n\n\n<p>Would you prefer a personalized creation? I can :<\/p>\n\n\n\n<ul class=\"wp-block-list\">\n<li>Lend you my pen to write a fantasy, a scenario, tasks to play with your partner.<\/li>\n\n\n\n<li>Read the text of your choice (sound file sent by Wetransfer or uploaded to Google Drive).<\/li>\n\n\n\n<li>Send you personalized photos.<\/li>\n\n\n\n<li>Mail you \"springboards for the imagination\" (handwritten letter, stockings, tights worn...).<\/li>\n<\/ul>\n\n\n\n<p><strong>Describe to me exactly what you imagine.<\/strong><\/p>\n\n\n<style>.wp-block-kadence-advancedbtn.kb-btns11510_347531-99{gap:var(--global-kb-gap-xs, 0.5rem );justify-content:center;align-items:center;}.kt-btns11510_347531-99 .kt-button{font-weight:normal;font-style:normal;}.kt-btns11510_347531-99 .kt-btn-wrap-0{margin-right:5px;}.wp-block-kadence-advancedbtn.kt-btns11510_347531-99 .kt-btn-wrap-0 .kt-button{color:#555555;border-color:#555555;}.wp-block-kadence-advancedbtn.kt-btns11510_347531-99 .kt-btn-wrap-0 .kt-button:hover, .wp-block-kadence-advancedbtn.kt-btns11510_347531-99 .kt-btn-wrap-0 .kt-button:focus{color:#ffffff;border-color:#444444;}.wp-block-kadence-advancedbtn.kt-btns11510_347531-99 .kt-btn-wrap-0 .kt-button::before{display:none;}.wp-block-kadence-advancedbtn.kt-btns11510_347531-99 .kt-btn-wrap-0 .kt-button:hover, .wp-block-kadence-advancedbtn.kt-btns11510_347531-99 .kt-btn-wrap-0 .kt-button:focus{background:#444444;}<\/style>\n<div class=\"wp-block-kadence-advancedbtn kb-buttons-wrap kb-btns11510_347531-99\"><style>ul.menu .wp-block-kadence-advancedbtn .kb-btn11510_d8299d-5d.kb-button{width:initial;}.wp-block-kadence-advancedbtn .kb-btn11510_d8299d-5d.kb-button{color:var(--global-palette8, #F7FAFC);background:var(--global-palette3, #1A202C);font-size:22px;font-family:'Cormorant Upright';font-weight:700;border-top-left-radius:11px;border-top-right-radius:11px;border-bottom-right-radius:11px;border-bottom-left-radius:11px;padding-top:8px;padding-right:14px;padding-bottom:8px;padding-left:14px;}.wp-block-kadence-advancedbtn .kb-btn11510_d8299d-5d.kb-button:hover, .wp-block-kadence-advancedbtn .kb-btn11510_d8299d-5d.kb-button:focus{background:#ff9f00;}<\/style><a class=\"kb-button kt-button button kb-btn11510_d8299d-5d kt-btn-size-standard kt-btn-width-type-auto kb-btn-global-fill  kt-btn-has-text-true kt-btn-has-svg-false  wp-block-kadence-singlebtn\" href=\"https:\/\/madamelule.com\/en\/contact-general\/\"><span class=\"kt-btn-inner-text\">Let's talk!<\/span><\/a><\/div>\n\n\n\n<h2 class=\"wp-block-heading\">And if not...<\/h2>\n\n\n\n<p>A selection of my best creations, erotic texts and BDSM audios, is available on my Creations website. <br>Read, listen, enjoy... Click!<\/p>\n\n\n<style>.wp-block-kadence-advancedbtn.kb-btns8462_0f78e5-12{gap:var(--global-kb-gap-xs, 0.5rem );justify-content:center;align-items:center;}.kt-btns8462_0f78e5-12 .kt-button{font-weight:normal;font-style:normal;}.kt-btns8462_0f78e5-12 .kt-btn-wrap-0{margin-right:5px;}.wp-block-kadence-advancedbtn.kt-btns8462_0f78e5-12 .kt-btn-wrap-0 .kt-button{color:#555555;border-color:#555555;}.wp-block-kadence-advancedbtn.kt-btns8462_0f78e5-12 .kt-btn-wrap-0 .kt-button:hover, .wp-block-kadence-advancedbtn.kt-btns8462_0f78e5-12 .kt-btn-wrap-0 .kt-button:focus{color:#ffffff;border-color:#444444;}.wp-block-kadence-advancedbtn.kt-btns8462_0f78e5-12 .kt-btn-wrap-0 .kt-button::before{display:none;}.wp-block-kadence-advancedbtn.kt-btns8462_0f78e5-12 .kt-btn-wrap-0 .kt-button:hover, .wp-block-kadence-advancedbtn.kt-btns8462_0f78e5-12 .kt-btn-wrap-0 .kt-button:focus{background:#444444;}<\/style>\n<div class=\"wp-block-kadence-advancedbtn kb-buttons-wrap kb-btns8462_0f78e5-12\"><style>ul.menu .wp-block-kadence-advancedbtn .kb-btn8462_19244d-08.kb-button{width:initial;}.wp-block-kadence-advancedbtn .kb-btn8462_19244d-08.kb-button{color:var(--global-palette4, #2D3748);font-size:var(--global-kb-font-size-md, 1.25rem);font-family:var( --global-heading-font-family, inherit );border-top-left-radius:16px;border-top-right-radius:16px;border-bottom-right-radius:16px;border-bottom-left-radius:16px;border-top-color:var(--global-palette3, #1A202C);border-top-style:solid;border-right-color:var(--global-palette3, #1A202C);border-right-style:solid;border-bottom-color:var(--global-palette3, #1A202C);border-bottom-style:solid;border-left-color:var(--global-palette3, #1A202C);border-left-style:solid;}@media all and (max-width: 1024px){.wp-block-kadence-advancedbtn .kb-btn8462_19244d-08.kb-button{border-top-color:var(--global-palette3, #1A202C);border-top-style:solid;border-right-color:var(--global-palette3, #1A202C);border-right-style:solid;border-bottom-color:var(--global-palette3, #1A202C);border-bottom-style:solid;border-left-color:var(--global-palette3, #1A202C);border-left-style:solid;}}@media all and (max-width: 767px){.wp-block-kadence-advancedbtn .kb-btn8462_19244d-08.kb-button{border-top-color:var(--global-palette3, #1A202C);border-top-style:solid;border-right-color:var(--global-palette3, #1A202C);border-right-style:solid;border-bottom-color:var(--global-palette3, #1A202C);border-bottom-style:solid;border-left-color:var(--global-palette3, #1A202C);border-left-style:solid;}}<\/style><a class=\"kb-button kt-button button kb-btn8462_19244d-08 kt-btn-size-large kt-btn-width-type-auto kb-btn-global-outline  kt-btn-has-text-true kt-btn-has-svg-true  wp-block-kadence-singlebtn\" href=\"https:\/\/creationsdelule.com\/\" target=\"_blank\" rel=\"noreferrer noopener\"><span class=\"kt-btn-inner-text\">Visit my store<\/span><span class=\"kb-svg-icon-wrap kb-svg-icon-fe_arrowRightCircle kt-btn-icon-side-right\"><svg viewbox=\"0 0 24 24\"  fill=\"none\" stroke=\"currentColor\" stroke-width=\"2\" stroke-linecap=\"round\" stroke-linejoin=\"round\" xmlns=\"http:\/\/www.w3.org\/2000\/svg\"  aria-hidden=\"true\"><circle cx=\"12\" cy=\"12\" r=\"10\"\/><polyline points=\"12 16 16 12 12 8\"\/><line x1=\"8\" y1=\"12\" x2=\"16\" y2=\"12\"\/><\/svg><\/span><\/a><\/div>\n<\/div><\/div>\n\n<\/div><\/div>\n\n\n<p><\/p>","protected":false},"excerpt":{"rendered":"<p>Cr\u00e9ations personnalis\u00e9es En plus d&rsquo;\u00eatre Dominatrice, je suis artiste. Dominartiste, donc.Petit tour d&rsquo;atelier. Option sur-mesure Vous pr\u00e9f\u00e9rez une cr\u00e9ation personnalis\u00e9e ? Je peux : D\u00e9crivez-moi avec pr\u00e9cision ce que vous imaginez. Et sinon&#8230; Une s\u00e9lection de mes meilleures cr\u00e9ations, textes \u00e9rotiques et audios BDSM, est disponible sur mon site de Cr\u00e9ations. Lire, \u00e9couter, jouir&#8230; Clic&nbsp;!<\/p>","protected":false},"author":5,"featured_media":8966,"parent":1376,"menu_order":0,"comment_status":"closed","ping_status":"closed","template":"","meta":{"_acf_changed":false,"_kad_post_transparent":"","_kad_post_title":"","_kad_post_layout":"","_kad_post_sidebar_id":"","_kad_post_content_style":"","_kad_post_vertical_padding":"","_kad_post_feature":"","_kad_post_feature_position":"","_kad_post_header":false,"_kad_post_footer":false,"_kad_post_classname":"","footnotes":""},"class_list":["post-8462","page","type-page","status-publish","has-post-thumbnail","hentry"],"acf":[],"_links":{"self":[{"href":"https:\/\/madamelule.com\/en\/wp-json\/wp\/v2\/pages\/8462","targetHints":{"allow":["GET"]}}],"collection":[{"href":"https:\/\/madamelule.com\/en\/wp-json\/wp\/v2\/pages"}],"about":[{"href":"https:\/\/madamelule.com\/en\/wp-json\/wp\/v2\/types\/page"}],"author":[{"embeddable":true,"href":"https:\/\/madamelule.com\/en\/wp-json\/wp\/v2\/users\/5"}],"replies":[{"embeddable":true,"href":"https:\/\/madamelule.com\/en\/wp-json\/wp\/v2\/comments?post=8462"}],"version-history":[{"count":26,"href":"https:\/\/madamelule.com\/en\/wp-json\/wp\/v2\/pages\/8462\/revisions"}],"predecessor-version":[{"id":11559,"href":"https:\/\/madamelule.com\/en\/wp-json\/wp\/v2\/pages\/8462\/revisions\/11559"}],"up":[{"embeddable":true,"href":"https:\/\/madamelule.com\/en\/wp-json\/wp\/v2\/pages\/1376"}],"wp:featuredmedia":[{"embeddable":true,"href":"https:\/\/madamelule.com\/en\/wp-json\/wp\/v2\/media\/8966"}],"wp:attachment":[{"href":"https:\/\/madamelule.com\/en\/wp-json\/wp\/v2\/media?parent=8462"}],"curies":[{"name":"wp","href":"https:\/\/api.w.org\/{rel}","templated":true}]}}