{"id":8459,"date":"2024-06-02T23:28:09","date_gmt":"2024-06-02T21:28:09","guid":{"rendered":"https:\/\/madamelule.com\/?page_id=8459"},"modified":"2026-03-19T17:14:43","modified_gmt":"2026-03-19T16:14:43","slug":"social-time-bdsm","status":"publish","type":"page","link":"https:\/\/madamelule.com\/en\/seances-bdsm\/social-time-bdsm\/","title":{"rendered":"Social time BDSM"},"content":{"rendered":"<style>.kadence-column8459_e58b28-89 > .kt-inside-inner-col,.kadence-column8459_e58b28-89 > .kt-inside-inner-col:before{border-top-left-radius:0px;border-top-right-radius:0px;border-bottom-right-radius:0px;border-bottom-left-radius:0px;}.kadence-column8459_e58b28-89 > .kt-inside-inner-col{column-gap:var(--global-kb-gap-sm, 1rem);}.kadence-column8459_e58b28-89 > .kt-inside-inner-col{flex-direction:column;}.kadence-column8459_e58b28-89 > .kt-inside-inner-col > .aligncenter{width:100%;}.kadence-column8459_e58b28-89 > .kt-inside-inner-col:before{opacity:0.3;}.kadence-column8459_e58b28-89{position:relative;}@media all and (max-width: 1024px){.kadence-column8459_e58b28-89 > .kt-inside-inner-col{flex-direction:column;justify-content:center;}}@media all and (max-width: 767px){.kadence-column8459_e58b28-89 > .kt-inside-inner-col{flex-direction:column;justify-content:center;}}<\/style>\n<div class=\"wp-block-kadence-column kadence-column8459_e58b28-89\"><div class=\"kt-inside-inner-col\">\n<h1 class=\"wp-block-heading has-text-align-center\">Time out from BDSM sessions<\/h1>\n<\/div><\/div>\n\n\n<style>.kadence-column8459_46cebd-8e > .kt-inside-inner-col,.kadence-column8459_46cebd-8e > .kt-inside-inner-col:before{border-top-left-radius:0px;border-top-right-radius:0px;border-bottom-right-radius:0px;border-bottom-left-radius:0px;}.kadence-column8459_46cebd-8e > .kt-inside-inner-col{column-gap:var(--global-kb-gap-sm, 1rem);}.kadence-column8459_46cebd-8e > .kt-inside-inner-col{flex-direction:column;}.kadence-column8459_46cebd-8e > .kt-inside-inner-col > .aligncenter{width:100%;}.kadence-column8459_46cebd-8e > .kt-inside-inner-col:before{opacity:0.3;}.kadence-column8459_46cebd-8e{position:relative;}@media all and (max-width: 1024px){.kadence-column8459_46cebd-8e > .kt-inside-inner-col{flex-direction:column;justify-content:center;}}@media all and (max-width: 767px){.kadence-column8459_46cebd-8e > .kt-inside-inner-col{flex-direction:column;justify-content:center;}}<\/style>\n<div class=\"wp-block-kadence-column kadence-column8459_46cebd-8e\"><div class=\"kt-inside-inner-col\">\n<p class=\"has-text-align-center\">Is a BDSM session not \"your thing\"? Or do you need time to think? Or would you like to talk about S&amp;M games with a professional dominatrix? <br>Let's agree to meet.<\/p>\n<\/div><\/div>\n\n\n<style>.wp-block-kadence-spacer.kt-block-spacer-8459_12008b-d7 .kt-block-spacer{height:60px;}.wp-block-kadence-spacer.kt-block-spacer-8459_12008b-d7 .kt-divider{border-top-width:1px;height:1px;border-top-color:#eee;width:80%;border-top-style:solid;}<\/style>\n<div class=\"wp-block-kadence-spacer aligncenter kt-block-spacer-8459_12008b-d7\"><div class=\"kt-block-spacer kt-block-spacer-halign-center\"><hr class=\"kt-divider\"\/><\/div><\/div>\n\n\n<style>.kb-row-layout-id8459_d45a71-fe > .kt-row-column-wrap{align-content:start;}:where(.kb-row-layout-id8459_d45a71-fe > .kt-row-column-wrap) > .wp-block-kadence-column{justify-content:start;}.kb-row-layout-id8459_d45a71-fe > .kt-row-column-wrap{column-gap:var(--global-kb-gap-md, 2rem);row-gap:var(--global-kb-gap-md, 2rem);padding-top:var(--global-kb-spacing-sm, 1.5rem);padding-bottom:var(--global-kb-spacing-sm, 1.5rem);grid-template-columns:minmax(0, 1fr) minmax(0, 2fr);}.kb-row-layout-id8459_d45a71-fe > .kt-row-layout-overlay{opacity:0.30;}@media all and (max-width: 1024px){.kb-row-layout-id8459_d45a71-fe > .kt-row-column-wrap{grid-template-columns:minmax(0, 1fr) minmax(0, 2fr);}}@media all and (max-width: 767px){.kb-row-layout-id8459_d45a71-fe > .kt-row-column-wrap{grid-template-columns:minmax(0, 1fr);}}<\/style><div class=\"kb-row-layout-wrap kb-row-layout-id8459_d45a71-fe alignnone wp-block-kadence-rowlayout\"><div class=\"kt-row-column-wrap kt-has-2-columns kt-row-layout-right-golden kt-tab-layout-inherit kt-mobile-layout-row kt-row-valign-top\">\n<style>.kadence-column8459_6b4642-7a > .kt-inside-inner-col{display:flex;}.kadence-column8459_6b4642-7a > .kt-inside-inner-col,.kadence-column8459_6b4642-7a > .kt-inside-inner-col:before{border-top-left-radius:0px;border-top-right-radius:0px;border-bottom-right-radius:0px;border-bottom-left-radius:0px;}.kadence-column8459_6b4642-7a > .kt-inside-inner-col{column-gap:var(--global-kb-gap-sm, 1rem);}.kadence-column8459_6b4642-7a > .kt-inside-inner-col{flex-direction:column;justify-content:center;}.kadence-column8459_6b4642-7a > .kt-inside-inner-col > .aligncenter{width:100%;}.kt-row-column-wrap > .kadence-column8459_6b4642-7a{align-self:center;}.kt-inner-column-height-full:not(.kt-has-1-columns) > .wp-block-kadence-column.kadence-column8459_6b4642-7a{align-self:auto;}.kt-inner-column-height-full:not(.kt-has-1-columns) > .wp-block-kadence-column.kadence-column8459_6b4642-7a > .kt-inside-inner-col{flex-direction:column;justify-content:center;}.kadence-column8459_6b4642-7a > .kt-inside-inner-col:before{opacity:0.3;}.kadence-column8459_6b4642-7a{position:relative;}@media all and (max-width: 1024px){.kt-row-column-wrap > .kadence-column8459_6b4642-7a{align-self:center;}}@media all and (max-width: 1024px){.kt-inner-column-height-full:not(.kt-has-1-columns) > .wp-block-kadence-column.kadence-column8459_6b4642-7a{align-self:auto;}}@media all and (max-width: 1024px){.kt-inner-column-height-full:not(.kt-has-1-columns) > .wp-block-kadence-column.kadence-column8459_6b4642-7a > .kt-inside-inner-col{flex-direction:column;justify-content:center;}}@media all and (max-width: 1024px){.kadence-column8459_6b4642-7a > .kt-inside-inner-col{flex-direction:column;justify-content:center;}}@media all and (max-width: 767px){.kt-row-column-wrap > .kadence-column8459_6b4642-7a{align-self:center;}.kt-inner-column-height-full:not(.kt-has-1-columns) > .wp-block-kadence-column.kadence-column8459_6b4642-7a{align-self:auto;}.kt-inner-column-height-full:not(.kt-has-1-columns) > .wp-block-kadence-column.kadence-column8459_6b4642-7a > .kt-inside-inner-col{flex-direction:column;justify-content:center;}.kadence-column8459_6b4642-7a > .kt-inside-inner-col{flex-direction:column;justify-content:center;}}<\/style>\n<div class=\"wp-block-kadence-column kadence-column8459_6b4642-7a\"><div class=\"kt-inside-inner-col\">\n<figure class=\"wp-block-image size-large has-custom-border\"><img decoding=\"async\" width=\"683\" height=\"1024\" data-src=\"https:\/\/madamelule.com\/wp-content\/uploads\/2024\/05\/Jinklab-whisky1-683x1024.jpg\" alt=\"dominatrice parisienne, social time BDSM, s\u00e9ance BDSM\" class=\"wp-image-7549 lazyload\" style=\"--smush-placeholder-width: 683px; --smush-placeholder-aspect-ratio: 683\/1024;border-radius:1em\" data-srcset=\"https:\/\/madamelule.com\/wp-content\/uploads\/2024\/05\/Jinklab-whisky1-683x1024.jpg 683w, https:\/\/madamelule.com\/wp-content\/uploads\/2024\/05\/Jinklab-whisky1-200x300.jpg 200w, https:\/\/madamelule.com\/wp-content\/uploads\/2024\/05\/Jinklab-whisky1-768x1152.jpg 768w, https:\/\/madamelule.com\/wp-content\/uploads\/2024\/05\/Jinklab-whisky1-1024x1536.jpg 1024w, https:\/\/madamelule.com\/wp-content\/uploads\/2024\/05\/Jinklab-whisky1-1365x2048.jpg 1365w, https:\/\/madamelule.com\/wp-content\/uploads\/2024\/05\/Jinklab-whisky1-scaled.jpg 1707w\" data-sizes=\"(max-width: 683px) 100vw, 683px\" src=\"data:image\/svg+xml;base64,PHN2ZyB3aWR0aD0iMSIgaGVpZ2h0PSIxIiB4bWxucz0iaHR0cDovL3d3dy53My5vcmcvMjAwMC9zdmciPjwvc3ZnPg==\" \/><\/figure>\n<\/div><\/div>\n\n\n<style>.kadence-column8459_b4e78f-5a > .kt-inside-inner-col,.kadence-column8459_b4e78f-5a > .kt-inside-inner-col:before{border-top-left-radius:0px;border-top-right-radius:0px;border-bottom-right-radius:0px;border-bottom-left-radius:0px;}.kadence-column8459_b4e78f-5a > .kt-inside-inner-col{column-gap:var(--global-kb-gap-sm, 1rem);}.kadence-column8459_b4e78f-5a > .kt-inside-inner-col{flex-direction:column;}.kadence-column8459_b4e78f-5a > .kt-inside-inner-col > .aligncenter{width:100%;}.kadence-column8459_b4e78f-5a > .kt-inside-inner-col:before{opacity:0.3;}.kadence-column8459_b4e78f-5a{position:relative;}@media all and (max-width: 1024px){.kadence-column8459_b4e78f-5a > .kt-inside-inner-col{flex-direction:column;justify-content:center;}}@media all and (max-width: 767px){.kadence-column8459_b4e78f-5a > .kt-inside-inner-col{flex-direction:column;justify-content:center;}}<\/style>\n<div class=\"wp-block-kadence-column kadence-column8459_b4e78f-5a\"><div class=\"kt-inside-inner-col\">\n<h2 class=\"wp-block-heading has-text-align-left\">Between four'z'eyes<\/h2>\n\n\n\n<p>Reserved at first sight, I have a sense of humor and a good repartee. I'm also aware of my surroundings and the people around me. Rest assured, I won't humiliate you in public. The aim of a meeting is to put you at ease! <br>Note that we can <strong>start or end SM sessions with social time.<\/strong><\/p>\n\n\n\n<p><br><strong>Specify in your request what you want:<\/strong><\/p>\n\n\n\n<ul class=\"wp-block-list\">\n<li>U<strong>n video call<\/strong>&nbsp;for a defined duration (30mn minimum).<\/li>\n\n\n\n<li><strong>A drink or dinner<\/strong> (from 1h).<\/li>\n\n\n\n<li><strong>A<\/strong>&nbsp;<strong>event or show<\/strong> contemporary dance, theater, conferences, happenings...<\/li>\n\n\n\n<li><strong>A<\/strong> <strong>exhibition<\/strong> <strong>or a vernissage<\/strong>. I have a weakness for photo exhibitions. I often go to the MEP, the Jeu de Paume museum and the BAL.<\/li>\n\n\n\n<li><strong>Shopping<\/strong>on a budget to be defined together. In addition to fulfilling my desires, you will carry my packages!<\/li>\n\n\n\n<li>... <\/li>\n<\/ul>\n\n\n\n<h2 class=\"wp-block-heading\">Conditions<\/h2>\n\n\n\n<ul class=\"wp-block-list\">\n<li><strong>My time is paid for.<\/strong><\/li>\n\n\n\n<li><strong>BDSM social time is NOT a session.<\/strong> <strong>Sessions can be booked separately, with a completed questionnaire.<\/strong><\/li>\n\n\n\n<li>If the journey takes more than 30 minutes, I include transport time in our appointment.<\/li>\n\n\n\n<li>In the evening, you will be in charge of <strong>my cab ride home<\/strong>.<\/li>\n<\/ul>\n<\/div><\/div>\n\n<\/div><\/div>\n\n<style>.wp-block-kadence-advancedbtn.kb-btns11454_8e0dc7-db{gap:var(--global-kb-gap-xs, 0.5rem );justify-content:center;align-items:center;}.kt-btns11454_8e0dc7-db .kt-button{font-weight:normal;font-style:normal;}.kt-btns11454_8e0dc7-db .kt-btn-wrap-0{margin-right:5px;}.wp-block-kadence-advancedbtn.kt-btns11454_8e0dc7-db .kt-btn-wrap-0 .kt-button{color:#555555;border-color:#555555;}.wp-block-kadence-advancedbtn.kt-btns11454_8e0dc7-db .kt-btn-wrap-0 .kt-button:hover, .wp-block-kadence-advancedbtn.kt-btns11454_8e0dc7-db .kt-btn-wrap-0 .kt-button:focus{color:#ffffff;border-color:#444444;}.wp-block-kadence-advancedbtn.kt-btns11454_8e0dc7-db .kt-btn-wrap-0 .kt-button::before{display:none;}.wp-block-kadence-advancedbtn.kt-btns11454_8e0dc7-db .kt-btn-wrap-0 .kt-button:hover, .wp-block-kadence-advancedbtn.kt-btns11454_8e0dc7-db .kt-btn-wrap-0 .kt-button:focus{background:#444444;}<\/style>\n<div class=\"wp-block-kadence-advancedbtn kb-buttons-wrap kb-btns11454_8e0dc7-db\"><style>ul.menu .wp-block-kadence-advancedbtn .kb-btn11454_ac605b-0c.kb-button{width:initial;}.wp-block-kadence-advancedbtn .kb-btn11454_ac605b-0c.kb-button{color:var(--global-palette8, #F7FAFC);background:var(--global-palette3, #1A202C);font-size:22px;font-family:'Cormorant Upright';font-weight:700;border-top-left-radius:11px;border-top-right-radius:11px;border-bottom-right-radius:11px;border-bottom-left-radius:11px;padding-top:8px;padding-right:14px;padding-bottom:8px;padding-left:14px;}.wp-block-kadence-advancedbtn .kb-btn11454_ac605b-0c.kb-button:hover, .wp-block-kadence-advancedbtn .kb-btn11454_ac605b-0c.kb-button:focus{background:#ff9f00;}<\/style><a class=\"kb-button kt-button button kb-btn11454_ac605b-0c kt-btn-size-standard kt-btn-width-type-auto kb-btn-global-fill  kt-btn-has-text-true kt-btn-has-svg-false  wp-block-kadence-singlebtn\" href=\"https:\/\/madamelule.com\/en\/contact-social-time\/\"><span class=\"kt-btn-inner-text\">Book your social time<\/span><\/a><\/div>","protected":false},"excerpt":{"rendered":"<p>Du temps hors s\u00e9ance BDSM Une s\u00e9ance BDSM, ce n&rsquo;est pas \u00ab\u00a0votre truc\u00a0\u00bb&nbsp;? Ou vous avez besoin de r\u00e9fl\u00e9chir&nbsp;? Ou vous souhaitez parler de jeux SM avec une Dominatrice professionnelle&nbsp;? Convenons de nous voir. Entre quatre&rsquo;z&rsquo;yeux R\u00e9serv\u00e9e au premier abord, j&rsquo;ai de l&rsquo;humour et de la r\u00e9partie. J&rsquo;ai aussi conscience du cadre et des personnes&#8230;<\/p>","protected":false},"author":5,"featured_media":5503,"parent":1368,"menu_order":0,"comment_status":"closed","ping_status":"closed","template":"","meta":{"_acf_changed":false,"_kad_post_transparent":"","_kad_post_title":"","_kad_post_layout":"","_kad_post_sidebar_id":"","_kad_post_content_style":"","_kad_post_vertical_padding":"","_kad_post_feature":"","_kad_post_feature_position":"","_kad_post_header":false,"_kad_post_footer":false,"_kad_post_classname":"","footnotes":""},"class_list":["post-8459","page","type-page","status-publish","has-post-thumbnail","hentry"],"acf":[],"_links":{"self":[{"href":"https:\/\/madamelule.com\/en\/wp-json\/wp\/v2\/pages\/8459","targetHints":{"allow":["GET"]}}],"collection":[{"href":"https:\/\/madamelule.com\/en\/wp-json\/wp\/v2\/pages"}],"about":[{"href":"https:\/\/madamelule.com\/en\/wp-json\/wp\/v2\/types\/page"}],"author":[{"embeddable":true,"href":"https:\/\/madamelule.com\/en\/wp-json\/wp\/v2\/users\/5"}],"replies":[{"embeddable":true,"href":"https:\/\/madamelule.com\/en\/wp-json\/wp\/v2\/comments?post=8459"}],"version-history":[{"count":53,"href":"https:\/\/madamelule.com\/en\/wp-json\/wp\/v2\/pages\/8459\/revisions"}],"predecessor-version":[{"id":11922,"href":"https:\/\/madamelule.com\/en\/wp-json\/wp\/v2\/pages\/8459\/revisions\/11922"}],"up":[{"embeddable":true,"href":"https:\/\/madamelule.com\/en\/wp-json\/wp\/v2\/pages\/1368"}],"wp:featuredmedia":[{"embeddable":true,"href":"https:\/\/madamelule.com\/en\/wp-json\/wp\/v2\/media\/5503"}],"wp:attachment":[{"href":"https:\/\/madamelule.com\/en\/wp-json\/wp\/v2\/media?parent=8459"}],"curies":[{"name":"wp","href":"https:\/\/api.w.org\/{rel}","templated":true}]}}