{"id":11348,"date":"2026-03-01T14:15:28","date_gmt":"2026-03-01T13:15:28","guid":{"rendered":"https:\/\/madamelule.com\/?page_id=11348"},"modified":"2026-03-02T12:27:33","modified_gmt":"2026-03-02T11:27:33","slug":"contact-coaching","status":"publish","type":"page","link":"https:\/\/madamelule.com\/en\/coaching-bdsm\/contact-coaching\/","title":{"rendered":"Coaching contact"},"content":{"rendered":"<style>.kadence-column11348_c4e5e6-1e > .kt-inside-inner-col,.kadence-column11348_c4e5e6-1e > .kt-inside-inner-col:before{border-top-left-radius:0px;border-top-right-radius:0px;border-bottom-right-radius:0px;border-bottom-left-radius:0px;}.kadence-column11348_c4e5e6-1e > .kt-inside-inner-col{column-gap:var(--global-kb-gap-sm, 1rem);}.kadence-column11348_c4e5e6-1e > .kt-inside-inner-col{flex-direction:column;}.kadence-column11348_c4e5e6-1e > .kt-inside-inner-col > .aligncenter{width:100%;}.kadence-column11348_c4e5e6-1e > .kt-inside-inner-col:before{opacity:0.3;}.kadence-column11348_c4e5e6-1e{position:relative;}@media all and (max-width: 1024px){.kadence-column11348_c4e5e6-1e > .kt-inside-inner-col{flex-direction:column;justify-content:center;}}@media all and (max-width: 767px){.kadence-column11348_c4e5e6-1e > .kt-inside-inner-col{flex-direction:column;justify-content:center;}}<\/style>\n<div class=\"wp-block-kadence-column kadence-column11348_c4e5e6-1e\"><div class=\"kt-inside-inner-col\">\n<h1 class=\"wp-block-heading has-text-align-center has--font-size\">Votre coaching avec Madame Lule<\/h1>\n<\/div><\/div>\n\n\n<style>.kb-row-layout-id11348_9e310a-88 > .kt-row-column-wrap{align-content:start;}:where(.kb-row-layout-id11348_9e310a-88 > .kt-row-column-wrap) > .wp-block-kadence-column{justify-content:start;}.kb-row-layout-id11348_9e310a-88 > .kt-row-column-wrap{column-gap:var(--global-kb-gap-md, 2rem);row-gap:var(--global-kb-gap-md, 2rem);padding-top:var(--global-kb-spacing-sm, 1.5rem);padding-bottom:var(--global-kb-spacing-sm, 1.5rem);grid-template-columns:minmax(0, 2fr) minmax(0, 1fr);}.kb-row-layout-id11348_9e310a-88 > .kt-row-layout-overlay{opacity:0.30;}@media all and (max-width: 1024px){.kb-row-layout-id11348_9e310a-88 > .kt-row-column-wrap{grid-template-columns:minmax(0, 2fr) minmax(0, 1fr);}}@media all and (max-width: 767px){.kb-row-layout-id11348_9e310a-88 > .kt-row-column-wrap{grid-template-columns:minmax(0, 1fr);}}<\/style><div class=\"kb-row-layout-wrap kb-row-layout-id11348_9e310a-88 alignnone wp-block-kadence-rowlayout\"><div class=\"kt-row-column-wrap kt-has-2-columns kt-row-layout-left-golden kt-tab-layout-inherit kt-mobile-layout-row kt-row-valign-top\">\n<style>.kadence-column11348_3eb648-35 > .kt-inside-inner-col,.kadence-column11348_3eb648-35 > .kt-inside-inner-col:before{border-top-left-radius:0px;border-top-right-radius:0px;border-bottom-right-radius:0px;border-bottom-left-radius:0px;}.kadence-column11348_3eb648-35 > .kt-inside-inner-col{column-gap:var(--global-kb-gap-sm, 1rem);}.kadence-column11348_3eb648-35 > .kt-inside-inner-col{flex-direction:column;}.kadence-column11348_3eb648-35 > .kt-inside-inner-col > .aligncenter{width:100%;}.kadence-column11348_3eb648-35 > .kt-inside-inner-col:before{opacity:0.3;}.kadence-column11348_3eb648-35{position:relative;}@media all and (max-width: 1024px){.kadence-column11348_3eb648-35 > .kt-inside-inner-col{flex-direction:column;justify-content:center;}}@media all and (max-width: 767px){.kadence-column11348_3eb648-35 > .kt-inside-inner-col{flex-direction:column;justify-content:center;}}<\/style>\n<div class=\"wp-block-kadence-column kadence-column11348_3eb648-35\"><div class=\"kt-inside-inner-col\"><style id=\"wpforms-css-vars-11342-block-97a1612f-7370-4e28-8d87-1bbc92881464\">\n\t\t\t\t#wpforms-11342.wpforms-block-97a1612f-7370-4e28-8d87-1bbc92881464 {\n\t\t\t\t--wpforms-label-color: var(--global-palette4);\n--wpforms-label-sublabel-color: var(--global-palette3);\n--wpforms-label-error-color: #ff0000;\n--wpforms-page-break-color: #dddddd;\n--wpforms-field-border-radius: 0px;\n--wpforms-field-background-color: var(--global-palette8);\n--wpforms-field-border-color: #cccccc;\n--wpforms-field-border-color-spare: #cccccc;\n--wpforms-field-text-color: var(--global-palette4);\n--wpforms-button-border-radius: 0px;\n--wpforms-button-background-color: var(--global-palette3);\n--wpforms-button-text-color: var(--global-palette4);\n--wpforms-button-border-color: #cccccc;\n--wpforms-field-size-input-height: 50px;\n--wpforms-field-size-input-spacing: 20px;\n--wpforms-field-size-font-size: 18px;\n--wpforms-field-size-line-height: 21px;\n--wpforms-field-size-padding-h: 14px;\n--wpforms-field-size-checkbox-size: 18px;\n--wpforms-field-size-sublabel-spacing: 10px;\n--wpforms-field-size-icon-size: 1.25;\n--wpforms-label-size-font-size: 18px;\n--wpforms-label-size-line-height: 21px;\n--wpforms-label-size-sublabel-font-size: 16px;\n--wpforms-label-size-sublabel-line-height: 19px;\n--wpforms-button-size-font-size: 20px;\n--wpforms-button-size-height: 48px;\n--wpforms-button-size-padding-h: 20px;\n--wpforms-button-size-margin-top: 15px;\n\t\t\t}\n\t\t\t<\/style><div class=\"wpforms-container wpforms-container-full wpforms-block wpforms-block-97a1612f-7370-4e28-8d87-1bbc92881464 wpforms-render-modern\" id=\"wpforms-11342\"><form id=\"wpforms-form-11342\" class=\"wpforms-validate wpforms-form wpforms-ajax-form\" data-formid=\"11342\" method=\"post\" enctype=\"multipart\/form-data\" action=\"\/en\/wp-json\/wp\/v2\/pages\/11348\" data-token=\"cf816cbb7b17fff8679dc2d94a992dba\" data-token-time=\"1776853387\"><noscript class=\"wpforms-error-noscript\">Please enable JavaScript in your browser to complete this form.<\/noscript><div id=\"wpforms-error-noscript\" style=\"display: none;\">Please enable JavaScript in your browser to complete this form.<\/div><div class=\"wpforms-field-container\"><div id=\"wpforms-11342-field_2-container\" class=\"wpforms-field wpforms-field-name\" data-field-id=\"2\"><label class=\"wpforms-field-label\" for=\"wpforms-11342-field_2\">Nom ou pseudo <span class=\"wpforms-required-label\" aria-hidden=\"true\">*<\/span><\/label><input type=\"text\" id=\"wpforms-11342-field_2\" class=\"wpforms-field-large wpforms-field-required\" name=\"wpforms[fields][2]\" aria-errormessage=\"wpforms-11342-field_2-error\" required><\/div><div id=\"wpforms-11342-field_3-container\" class=\"wpforms-field wpforms-field-email\" data-field-id=\"3\"><fieldset><legend class=\"wpforms-field-label\">E-mail <span class=\"wpforms-required-label\" aria-hidden=\"true\">*<\/span><\/legend><div class=\"wpforms-field-row wpforms-field-large\"><div class=\"wpforms-field-row-block wpforms-one-half wpforms-first\"><input type=\"email\" id=\"wpforms-11342-field_3\" class=\"wpforms-field-required wpforms-field-email-primary\" name=\"wpforms[fields][3][primary]\" spellcheck=\"false\" aria-errormessage=\"wpforms-11342-field_3-error\" required><label for=\"wpforms-11342-field_3\" class=\"wpforms-field-sublabel after\">Email<\/label><\/div><div class=\"wpforms-field-row-block wpforms-one-half\"><input type=\"email\" id=\"wpforms-11342-field_3-secondary\" class=\"wpforms-field-email-secondary wpforms-field-required\" data-rule-confirm=\"#wpforms-11342-field_3\" name=\"wpforms[fields][3][secondary]\" spellcheck=\"false\" aria-errormessage=\"wpforms-11342-field_3-secondary-error\" required><label for=\"wpforms-11342-field_3-secondary\" class=\"wpforms-field-sublabel after\">Confirm Email<\/label><\/div><\/div><\/fieldset><\/div><div id=\"wpforms-11342-field_5-container\" class=\"wpforms-field wpforms-field-text\" data-field-id=\"5\"><label class=\"wpforms-field-label\" for=\"wpforms-11342-field_5\">T\u00e9l\u00e9phone<\/label><input type=\"text\" id=\"wpforms-11342-field_5\" class=\"wpforms-field-large\" name=\"wpforms[fields][5]\" aria-errormessage=\"wpforms-11342-field_5-error\" ><\/div><div id=\"wpforms-11342-field_6-container\" class=\"wpforms-field wpforms-field-number\" data-field-id=\"6\"><label class=\"wpforms-field-label\" for=\"wpforms-11342-field_6\">Votre \u00e2ge<\/label><input type=\"number\" id=\"wpforms-11342-field_6\" class=\"wpforms-field-large\" name=\"wpforms[fields][6]\" step=\"any\" aria-errormessage=\"wpforms-11342-field_6-error\" ><\/div><div id=\"wpforms-11342-field_8-container\" class=\"wpforms-field wpforms-field-textarea\" data-field-id=\"8\"><label class=\"wpforms-field-label\" for=\"wpforms-11342-field_8\">Votre exp\u00e9rience dans le BDSM <span class=\"wpforms-required-label\" aria-hidden=\"true\">*<\/span><\/label><textarea id=\"wpforms-11342-field_8\" class=\"wpforms-field-medium wpforms-field-required\" name=\"wpforms[fields][8]\" aria-errormessage=\"wpforms-11342-field_8-error\" required><\/textarea><\/div><div id=\"wpforms-11342-field_9-container\" class=\"wpforms-field wpforms-field-textarea\" data-field-id=\"9\"><label class=\"wpforms-field-label\" for=\"wpforms-11342-field_9\">Votre demande <span class=\"wpforms-required-label\" aria-hidden=\"true\">*<\/span><\/label><textarea id=\"wpforms-11342-field_9\" class=\"wpforms-field-medium wpforms-field-required\" name=\"wpforms[fields][9]\" aria-errormessage=\"wpforms-11342-field_9-error\" required><\/textarea><\/div><div id=\"wpforms-11342-field_17-container\" class=\"wpforms-field wpforms-field-text\" data-field-id=\"17\"><label class=\"wpforms-field-label\" for=\"wpforms-11342-field_17\">Prochaines disponibilit\u00e9s (dates et heures, \u00e0 partir de 12h30) <span class=\"wpforms-required-label\" aria-hidden=\"true\">*<\/span><\/label><input type=\"text\" id=\"wpforms-11342-field_17\" class=\"wpforms-field-large wpforms-field-required\" name=\"wpforms[fields][17]\" aria-errormessage=\"wpforms-11342-field_17-error\" aria-describedby=\"wpforms-11342-field_17-description\" required><div id=\"wpforms-11342-field_17-description\" class=\"wpforms-field-description\">Indiquez plusieurs cr\u00e9neaux (jour et heures) pour que je puisse choisir (je ne re\u00e7ois jamais le jour m\u00eame).<\/div><\/div><div id=\"wpforms-11342-field_24-container\" class=\"wpforms-field wpforms-field-checkbox\" data-field-id=\"24\"><fieldset><legend class=\"wpforms-field-label\">Souhaitez vous recevoir ma newsletter ? <span class=\"wpforms-required-label\" aria-hidden=\"true\">*<\/span><\/legend><ul id=\"wpforms-11342-field_24\" class=\"wpforms-field-required\"><li class=\"choice-1 depth-1\"><input type=\"checkbox\" id=\"wpforms-11342-field_24_1\" name=\"wpforms[fields][24][]\" value=\"Oui\" aria-errormessage=\"wpforms-11342-field_24_1-error\" required ><label class=\"wpforms-field-label-inline\" for=\"wpforms-11342-field_24_1\">Oui<\/label><\/li><li class=\"choice-2 depth-1\"><input type=\"checkbox\" id=\"wpforms-11342-field_24_2\" name=\"wpforms[fields][24][]\" value=\"Non\" aria-errormessage=\"wpforms-11342-field_24_2-error\" required ><label class=\"wpforms-field-label-inline\" for=\"wpforms-11342-field_24_2\">Non<\/label><\/li><\/ul><\/fieldset><\/div><\/div><!-- .wpforms-field-container --><div class=\"wpforms-recaptcha-container wpforms-is-recaptcha wpforms-is-recaptcha-type-v3\" ><input type=\"hidden\" name=\"wpforms[recaptcha]\" value=\"\"><\/div><div class=\"wpforms-submit-container\" ><input type=\"hidden\" name=\"wpforms[id]\" value=\"11342\"><input type=\"hidden\" name=\"page_title\" value=\"\"><input type=\"hidden\" name=\"page_url\" value=\"https:\/\/madamelule.com\/en\/wp-json\/wp\/v2\/pages\/11348\"><input type=\"hidden\" name=\"url_referer\" value=\"\"><button type=\"submit\" name=\"wpforms[submit]\" id=\"wpforms-submit-11342\" class=\"wpforms-submit\" data-alt-text=\"Envoi...\" data-submit-text=\"Envoyer\" aria-live=\"assertive\" value=\"wpforms-submit\">Envoyer<\/button><img decoding=\"async\" data-src=\"https:\/\/madamelule.com\/wp-content\/plugins\/wpforms-lite\/assets\/images\/submit-spin.svg\" class=\"wpforms-submit-spinner lazyload\" style=\"--smush-placeholder-width: 26px; --smush-placeholder-aspect-ratio: 26\/26;display: none;\" width=\"26\" height=\"26\" alt=\"Loading\" src=\"data:image\/svg+xml;base64,PHN2ZyB3aWR0aD0iMSIgaGVpZ2h0PSIxIiB4bWxucz0iaHR0cDovL3d3dy53My5vcmcvMjAwMC9zdmciPjwvc3ZnPg==\"><\/div><\/form><\/div>  <!-- .wpforms-container --><\/div><\/div>\n\n\n<style>.kadence-column11348_742c52-88 > .kt-inside-inner-col,.kadence-column11348_742c52-88 > .kt-inside-inner-col:before{border-top-left-radius:0px;border-top-right-radius:0px;border-bottom-right-radius:0px;border-bottom-left-radius:0px;}.kadence-column11348_742c52-88 > .kt-inside-inner-col{column-gap:var(--global-kb-gap-sm, 1rem);}.kadence-column11348_742c52-88 > .kt-inside-inner-col{flex-direction:column;}.kadence-column11348_742c52-88 > .kt-inside-inner-col > .aligncenter{width:100%;}.kadence-column11348_742c52-88 > .kt-inside-inner-col:before{opacity:0.3;}.kadence-column11348_742c52-88{position:relative;}@media all and (max-width: 1024px){.kadence-column11348_742c52-88 > .kt-inside-inner-col{flex-direction:column;justify-content:center;}}@media all and (max-width: 767px){.kadence-column11348_742c52-88 > .kt-inside-inner-col{flex-direction:column;justify-content:center;}}<\/style>\n<div class=\"wp-block-kadence-column kadence-column11348_742c52-88\"><div class=\"kt-inside-inner-col\">\n<div style=\"height:39px\" aria-hidden=\"true\" class=\"wp-block-spacer\"><\/div>\n\n\n\n<figure class=\"wp-block-gallery has-nested-images columns-default is-cropped wp-block-gallery-2 is-layout-flex wp-block-gallery-is-layout-flex\">\n<figure class=\"wp-block-image size-large has-custom-border\"><img decoding=\"async\" width=\"766\" height=\"1024\" data-id=\"10637\" data-src=\"https:\/\/madamelule.com\/wp-content\/uploads\/2025\/03\/1741954933064-766x1024.jpg\" alt=\"\" class=\"wp-image-10637 lazyload\" style=\"--smush-placeholder-width: 766px; --smush-placeholder-aspect-ratio: 766\/1024;border-radius:100px\" data-srcset=\"https:\/\/madamelule.com\/wp-content\/uploads\/2025\/03\/1741954933064-766x1024.jpg 766w, https:\/\/madamelule.com\/wp-content\/uploads\/2025\/03\/1741954933064-225x300.jpg 225w, https:\/\/madamelule.com\/wp-content\/uploads\/2025\/03\/1741954933064-768x1026.jpg 768w, https:\/\/madamelule.com\/wp-content\/uploads\/2025\/03\/1741954933064-1150x1536.jpg 1150w, https:\/\/madamelule.com\/wp-content\/uploads\/2025\/03\/1741954933064-1533x2048.jpg 1533w, https:\/\/madamelule.com\/wp-content\/uploads\/2025\/03\/1741954933064-9x12.jpg 9w, https:\/\/madamelule.com\/wp-content\/uploads\/2025\/03\/1741954933064-scaled.jpg 1916w\" data-sizes=\"(max-width: 766px) 100vw, 766px\" src=\"data:image\/svg+xml;base64,PHN2ZyB3aWR0aD0iMSIgaGVpZ2h0PSIxIiB4bWxucz0iaHR0cDovL3d3dy53My5vcmcvMjAwMC9zdmciPjwvc3ZnPg==\" \/><\/figure>\n<\/figure>\n<\/div><\/div>\n\n<\/div><\/div>","protected":false},"excerpt":{"rendered":"<p>Your coaching with Madame Lule<\/p>","protected":false},"author":6,"featured_media":9257,"parent":8432,"menu_order":0,"comment_status":"closed","ping_status":"closed","template":"","meta":{"_acf_changed":false,"_kad_post_transparent":"","_kad_post_title":"","_kad_post_layout":"","_kad_post_sidebar_id":"","_kad_post_content_style":"","_kad_post_vertical_padding":"","_kad_post_feature":"","_kad_post_feature_position":"","_kad_post_header":false,"_kad_post_footer":false,"_kad_post_classname":"","footnotes":""},"class_list":["post-11348","page","type-page","status-publish","has-post-thumbnail","hentry"],"acf":[],"_links":{"self":[{"href":"https:\/\/madamelule.com\/en\/wp-json\/wp\/v2\/pages\/11348","targetHints":{"allow":["GET"]}}],"collection":[{"href":"https:\/\/madamelule.com\/en\/wp-json\/wp\/v2\/pages"}],"about":[{"href":"https:\/\/madamelule.com\/en\/wp-json\/wp\/v2\/types\/page"}],"author":[{"embeddable":true,"href":"https:\/\/madamelule.com\/en\/wp-json\/wp\/v2\/users\/6"}],"replies":[{"embeddable":true,"href":"https:\/\/madamelule.com\/en\/wp-json\/wp\/v2\/comments?post=11348"}],"version-history":[{"count":11,"href":"https:\/\/madamelule.com\/en\/wp-json\/wp\/v2\/pages\/11348\/revisions"}],"predecessor-version":[{"id":11570,"href":"https:\/\/madamelule.com\/en\/wp-json\/wp\/v2\/pages\/11348\/revisions\/11570"}],"up":[{"embeddable":true,"href":"https:\/\/madamelule.com\/en\/wp-json\/wp\/v2\/pages\/8432"}],"wp:featuredmedia":[{"embeddable":true,"href":"https:\/\/madamelule.com\/en\/wp-json\/wp\/v2\/media\/9257"}],"wp:attachment":[{"href":"https:\/\/madamelule.com\/en\/wp-json\/wp\/v2\/media?parent=11348"}],"curies":[{"name":"wp","href":"https:\/\/api.w.org\/{rel}","templated":true}]}}